{"id":92,"date":"2020-04-20T11:09:05","date_gmt":"2020-04-20T09:09:05","guid":{"rendered":"http:\/\/192.168.50.201\/?page_id=92"},"modified":"2021-10-06T14:31:18","modified_gmt":"2021-10-06T12:31:18","slug":"unternehmen","status":"publish","type":"page","link":"https:\/\/www.intec-international.com\/en\/unternehmen\/","title":{"rendered":"Company"},"content":{"rendered":"<h1 class=\"has-text-align-center wp-block-heading\" style=\"font-size:25px\"><strong>INTEC International<\/strong><\/h1>\n\n\n\n<div class=\"wp-block-group alignwide\"><div class=\"wp-block-group__inner-container is-layout-flow wp-block-group-is-layout-flow\"><\/div><\/div>\n\n\n\n<p class=\"has-text-align-left has-black-color has-text-color\">INTEC International GmbH is founded in 1979 in Hechingen, Baden-Wuerttemberg in southern Germany. It's the area of inventors and developers. So we used the spirit of Baden-Wuerttemberg and were from the beginning of our history highly innovative. \nToday our mainfield is in digitizing the industry. We have own products and solution especially in the field of cyber secure remote-service and collecting data from several sources. <\/p>\n\n\n\n<p class=\"has-black-color has-text-color\">The service starts at your place. We analyze your project, consult and deliver customized solutions as well as standardized products. <\/p>\n\n\n\n<div style=\"height:45px\" aria-hidden=\"true\" class=\"wp-block-spacer\"><\/div>\n\n\n\n<p class=\"has-black-color has-text-color\"><strong>We accompany the customers in every phase of the project: (Comment from redaction: sorry, translated diagramm is following! It shows every step of the process. Initialization, planning phase, development and finish with validation, tests, etc.)<\/strong><\/p>\n\n\n\n<figure class=\"wp-block-image alignwide size-full\"><img loading=\"lazy\" decoding=\"async\" width=\"1280\" height=\"404\" src=\"https:\/\/www.intec-international.com\/wp-content\/uploads\/2021\/08\/Planung2.png\" alt=\"\" class=\"wp-image-7339\" srcset=\"https:\/\/www.intec-international.com\/wp-content\/uploads\/2021\/08\/Planung2.png 1280w, https:\/\/www.intec-international.com\/wp-content\/uploads\/2021\/08\/Planung2-300x95.png 300w, https:\/\/www.intec-international.com\/wp-content\/uploads\/2021\/08\/Planung2-768x242.png 768w\" sizes=\"auto, (max-width: 1280px) 100vw, 1280px\" \/><\/figure>","protected":false},"excerpt":{"rendered":"<p>Die INTEC INTEC International GmbH bietet die standardisierte Anbindung von Maschinen durch ein System aus Hardware und Software (MEP\u00ae) zur Datenerfassung, Visualisierung und Steuerung. Seit mehr als 20 Jahren ist die INTEC International GmbH der verl\u00e4ssliche Partner f\u00fcr Industrial IT. Im Industrie 4.0-Zeitalter bieten wir unseren Kunden die Echtzeit-Verkn\u00fcpfung von [&hellip;]<\/p>","protected":false},"author":2,"featured_media":0,"parent":0,"menu_order":0,"comment_status":"closed","ping_status":"closed","template":"","meta":{"_eb_attr":"","_monsterinsights_skip_tracking":false,"_monsterinsights_sitenote_active":false,"_monsterinsights_sitenote_note":"","_monsterinsights_sitenote_category":0,"footnotes":""},"class_list":["post-92","page","type-page","status-publish","hentry"],"yoast_head":"<!-- This site is optimized with the Yoast SEO plugin v26.8 - https:\/\/yoast.com\/product\/yoast-seo-wordpress\/ -->\n<title>Unternehmen - INTEC International GmbH<\/title>\n<meta name=\"robots\" content=\"index, follow, max-snippet:-1, max-image-preview:large, max-video-preview:-1\" \/>\n<link rel=\"canonical\" href=\"https:\/\/www.intec-international.com\/en\/unternehmen\/\" \/>\n<meta property=\"og:locale\" content=\"en_GB\" \/>\n<meta property=\"og:type\" content=\"article\" \/>\n<meta property=\"og:title\" content=\"Unternehmen - INTEC International GmbH\" \/>\n<meta property=\"og:description\" content=\"Die INTEC INTEC International GmbH bietet die standardisierte Anbindung von Maschinen durch ein System aus Hardware und Software (MEP\u00ae) zur Datenerfassung, Visualisierung und Steuerung. Seit mehr als 20 Jahren ist die INTEC International GmbH der verl\u00e4ssliche Partner f\u00fcr Industrial IT. Im Industrie 4.0-Zeitalter bieten wir unseren Kunden die Echtzeit-Verkn\u00fcpfung von [&hellip;]\" \/>\n<meta property=\"og:url\" content=\"https:\/\/www.intec-international.com\/en\/unternehmen\/\" \/>\n<meta property=\"og:site_name\" content=\"INTEC International GmbH\" \/>\n<meta property=\"article:modified_time\" content=\"2021-10-06T12:31:18+00:00\" \/>\n<meta property=\"og:image\" content=\"https:\/\/www.intec-international.com\/wp-content\/uploads\/2021\/08\/Planung2.png\" \/>\n<meta name=\"twitter:card\" content=\"summary_large_image\" \/>\n<meta name=\"twitter:label1\" content=\"Estimated reading time\" \/>\n\t<meta name=\"twitter:data1\" content=\"1 minute\" \/>\n<!-- \/ Yoast SEO plugin. -->","yoast_head_json":{"title":"Unternehmen - INTEC International GmbH","robots":{"index":"index","follow":"follow","max-snippet":"max-snippet:-1","max-image-preview":"max-image-preview:large","max-video-preview":"max-video-preview:-1"},"canonical":"https:\/\/www.intec-international.com\/en\/unternehmen\/","og_locale":"en_GB","og_type":"article","og_title":"Unternehmen - INTEC International GmbH","og_description":"Die INTEC INTEC International GmbH bietet die standardisierte Anbindung von Maschinen durch ein System aus Hardware und Software (MEP\u00ae) zur Datenerfassung, Visualisierung und Steuerung. Seit mehr als 20 Jahren ist die INTEC International GmbH der verl\u00e4ssliche Partner f\u00fcr Industrial IT. Im Industrie 4.0-Zeitalter bieten wir unseren Kunden die Echtzeit-Verkn\u00fcpfung von [&hellip;]","og_url":"https:\/\/www.intec-international.com\/en\/unternehmen\/","og_site_name":"INTEC International GmbH","article_modified_time":"2021-10-06T12:31:18+00:00","og_image":[{"url":"https:\/\/www.intec-international.com\/wp-content\/uploads\/2021\/08\/Planung2.png","type":"","width":"","height":""}],"twitter_card":"summary_large_image","twitter_misc":{"Estimated reading time":"1 minute"},"schema":{"@context":"https:\/\/schema.org","@graph":[{"@type":"WebPage","@id":"https:\/\/www.intec-international.com\/unternehmen\/","url":"https:\/\/www.intec-international.com\/unternehmen\/","name":"Unternehmen - INTEC International GmbH","isPartOf":{"@id":"https:\/\/www.intec-international.com\/#website"},"primaryImageOfPage":{"@id":"https:\/\/www.intec-international.com\/unternehmen\/#primaryimage"},"image":{"@id":"https:\/\/www.intec-international.com\/unternehmen\/#primaryimage"},"thumbnailUrl":"https:\/\/www.intec-international.com\/wp-content\/uploads\/2021\/08\/Planung2.png","datePublished":"2020-04-20T09:09:05+00:00","dateModified":"2021-10-06T12:31:18+00:00","breadcrumb":{"@id":"https:\/\/www.intec-international.com\/unternehmen\/#breadcrumb"},"inLanguage":"en-GB","potentialAction":[{"@type":"ReadAction","target":["https:\/\/www.intec-international.com\/unternehmen\/"]}]},{"@type":"ImageObject","inLanguage":"en-GB","@id":"https:\/\/www.intec-international.com\/unternehmen\/#primaryimage","url":"https:\/\/www.intec-international.com\/wp-content\/uploads\/2021\/08\/Planung2.png","contentUrl":"https:\/\/www.intec-international.com\/wp-content\/uploads\/2021\/08\/Planung2.png"},{"@type":"BreadcrumbList","@id":"https:\/\/www.intec-international.com\/unternehmen\/#breadcrumb","itemListElement":[{"@type":"ListItem","position":1,"name":"Startseite","item":"https:\/\/www.intec-international.com\/"},{"@type":"ListItem","position":2,"name":"Unternehmen"}]},{"@type":"WebSite","@id":"https:\/\/www.intec-international.com\/#website","url":"https:\/\/www.intec-international.com\/","name":"INTEC International GmbH","description":"MDE &amp; Remote Service - Digitalisierung der Produktion - INTEC","publisher":{"@id":"https:\/\/www.intec-international.com\/#organization"},"potentialAction":[{"@type":"SearchAction","target":{"@type":"EntryPoint","urlTemplate":"https:\/\/www.intec-international.com\/?s={search_term_string}"},"query-input":{"@type":"PropertyValueSpecification","valueRequired":true,"valueName":"search_term_string"}}],"inLanguage":"en-GB"},{"@type":"Organization","@id":"https:\/\/www.intec-international.com\/#organization","name":"INTEC International GmbH","url":"https:\/\/www.intec-international.com\/","logo":{"@type":"ImageObject","inLanguage":"en-GB","@id":"https:\/\/www.intec-international.com\/#\/schema\/logo\/image\/","url":"https:\/\/www.intec-international.com\/wp-content\/uploads\/2020\/10\/cropped-INTEC-ohne-Hintergrund.gif","contentUrl":"https:\/\/www.intec-international.com\/wp-content\/uploads\/2020\/10\/cropped-INTEC-ohne-Hintergrund.gif","width":574,"height":369,"caption":"INTEC International GmbH"},"image":{"@id":"https:\/\/www.intec-international.com\/#\/schema\/logo\/image\/"}}]}},"_links":{"self":[{"href":"https:\/\/www.intec-international.com\/en\/wp-json\/wp\/v2\/pages\/92","targetHints":{"allow":["GET"]}}],"collection":[{"href":"https:\/\/www.intec-international.com\/en\/wp-json\/wp\/v2\/pages"}],"about":[{"href":"https:\/\/www.intec-international.com\/en\/wp-json\/wp\/v2\/types\/page"}],"author":[{"embeddable":true,"href":"https:\/\/www.intec-international.com\/en\/wp-json\/wp\/v2\/users\/2"}],"replies":[{"embeddable":true,"href":"https:\/\/www.intec-international.com\/en\/wp-json\/wp\/v2\/comments?post=92"}],"version-history":[{"count":18,"href":"https:\/\/www.intec-international.com\/en\/wp-json\/wp\/v2\/pages\/92\/revisions"}],"predecessor-version":[{"id":7781,"href":"https:\/\/www.intec-international.com\/en\/wp-json\/wp\/v2\/pages\/92\/revisions\/7781"}],"wp:attachment":[{"href":"https:\/\/www.intec-international.com\/en\/wp-json\/wp\/v2\/media?parent=92"}],"curies":[{"name":"wp","href":"https:\/\/api.w.org\/{rel}","templated":true}]}}