{"id":8339,"date":"2024-10-30T09:28:13","date_gmt":"2024-10-30T08:28:13","guid":{"rendered":"https:\/\/www.intec-international.com\/?page_id=8339"},"modified":"2026-01-21T16:20:04","modified_gmt":"2026-01-21T15:20:04","slug":"datenuebertragung-mit-lorawan","status":"publish","type":"page","link":"https:\/\/www.intec-international.com\/en\/datenuebertragung-mit-lorawan\/","title":{"rendered":"Daten\u00fcbertragung mit LoRaWAN\u00ae"},"content":{"rendered":"<h1 class=\"wp-block-heading\" id=\"maschinendatenerfassung\" style=\"font-size:25px\"><strong>Wireless sensor data acquisition<\/strong><\/h1>\n\n\n\n<p>Oftmals hat bereits das Wissen \u00fcber einfache Parameter eine gro\u00dfe Auswirkung. Wenn man nun diese Parameter einfach erfassen kann, wird es schnell wirtschaftlich. Mit der LoRaWAN\u00ae Technologie k\u00f6nnen Sensoren auf simple Weise kabellos installiert und in bestehende Systeme integriert werden, um beispielsweise Umweltdaten in Produktionshallen zu erfassen und dadurch neue Erkenntnisse f\u00fcr die Qualit\u00e4tssicherung erlangen.<\/p>\n\n\n\n<h2 class=\"wp-block-heading has-medium-font-size\" id=\"kleiner-rechner-mit-viel-leistung\"><strong>Long ranges with low power consumption<\/strong><\/h2>\n\n\n\n<p>Die Technologie von LoRaWAN\u00ae zeichnet sich durch hohe Reichweiten bei geringem Strombedarf aus. Dadurch k\u00f6nnen langlebige Systeme genutzt werden, um zuverl\u00e4ssig kontinuierlich Daten zu erfassen. Aber was versteckt sich genau hinter LoRaWAN\u00ae?<\/p>\n\n\n\n<p>LoRaWAN\u00ae steht f\u00fcr Long Range Wide Area Network. Es ist, wie der Name bereits vermuten l\u00e4sst ein Funkprotokoll zur Abdeckung gro\u00dfer Fl\u00e4chen. Es eignet sich optimal f\u00fcr kleine Datenpakete, auch \u00fcber gro\u00dfe Entfernungen. Besonders spannend ist hierbei, dass es sich im Bereich der freien Netze bewegt. Das hei\u00dft, man kann ohne gro\u00dfen b\u00fcrokratischen Aufwand sein eigenes Funknetz aufbauen.<\/p>\n\n\n\n<p>We have illustrated how such a network is usually structured in the following diagram: <\/p>\n\n\n<div class=\"wp-block-image\">\n<figure class=\"aligncenter size-full\"><img loading=\"lazy\" decoding=\"async\" width=\"1183\" height=\"771\" src=\"https:\/\/www.intec-international.com\/wp-content\/uploads\/2024\/10\/LoRaWANmitINTEC_Funktionsweise_Sensordaten_Sensorerfassung_Datenerfassung_Funktionsbeschreibung_Sensorschema_LoRaWANdarstellung.png\" alt=\"Darstellung eines typischen Netzwerkes mit LoRaWAN.\" class=\"wp-image-8341\" srcset=\"https:\/\/www.intec-international.com\/wp-content\/uploads\/2024\/10\/LoRaWANmitINTEC_Funktionsweise_Sensordaten_Sensorerfassung_Datenerfassung_Funktionsbeschreibung_Sensorschema_LoRaWANdarstellung.png 1183w, https:\/\/www.intec-international.com\/wp-content\/uploads\/2024\/10\/LoRaWANmitINTEC_Funktionsweise_Sensordaten_Sensorerfassung_Datenerfassung_Funktionsbeschreibung_Sensorschema_LoRaWANdarstellung-300x196.png 300w, https:\/\/www.intec-international.com\/wp-content\/uploads\/2024\/10\/LoRaWANmitINTEC_Funktionsweise_Sensordaten_Sensorerfassung_Datenerfassung_Funktionsbeschreibung_Sensorschema_LoRaWANdarstellung-768x501.png 768w, https:\/\/www.intec-international.com\/wp-content\/uploads\/2024\/10\/LoRaWANmitINTEC_Funktionsweise_Sensordaten_Sensorerfassung_Datenerfassung_Funktionsbeschreibung_Sensorschema_LoRaWANdarstellung-18x12.png 18w\" sizes=\"auto, (max-width: 1183px) 100vw, 1183px\" \/><\/figure><\/div>\n\n\n<div style=\"height:100px\" aria-hidden=\"true\" class=\"wp-block-spacer\"><\/div>\n\n\n\n<h2 class=\"wp-block-heading has-medium-font-size\" id=\"kleiner-rechner-mit-viel-leistung\"><strong>Typical network structure of a LoRaWAN<\/strong>\u00ae<\/h2>\n\n\n\n<p>The sensors are installed on site in their area of responsibility and send the data wirelessly to a gateway. This gateway receives the data and forwards it to a server, whether on site or in the cloud. This means that if the gateway is connected to the cloud, it must be connected to the internet. In some cases, the gateways may also cumulate the data via a collection point, such as an edge gateway. From the server, the data is either sent to existing monitoring systems or displayed directly via web applications so that it can be analyzed visually. <\/p>\n\n\n\n<p><strong>What are typical example applications?<\/strong><\/p>\n\n\n\n<p>Typical example applications for these sensors are the recording of environmental factors and data, such as air temperature, CO2 utilization in a room, humidity measurement and water meter monitoring. The recording and automated evaluation (e.g. threshold value exceedance) is carried out optimally and quickly with this technology. <\/p>\n\n\n\n<p>Das Charmante dabei ist, wenn man ein bereits bestehendes LoRaWAN\u00ae-Netz hat, lassen sich mit sehr geringem Aufwand immer mehr Sensoren integrieren. Hier ist bereits bekannt dass zuk\u00fcnftig Wasseruhren und Stromz\u00e4hler immer h\u00e4ufiger mit LoRaWAN\u00ae-Schnittstellen ausgestattet werden. Daraus ergibt sich ein ganz einfaches Beispiel, bei dem eine z\u00fcgige Amortisation ersichtlich wird. Bei der Installation einer Wasseruhr mit LoRaWAN\u00ae kann man bereits viel schneller erfahren, ob eine Toilettensp\u00fclung durch Verkalkung weiter l\u00e4uft und kann schneller reagieren. Auch ohne jeden Tag den Tagesverbrauch am Wasserz\u00e4hler abzulesen.<\/p>\n\n\n\n<p><\/p>\n\n\n\n<h2 class=\"wp-block-heading has-medium-font-size\" id=\"haufige-fragen-zur-maschinendatenerfassung\"><strong>Frequently asked questions about LoRaWAN<\/strong>\u00ae<\/h2>\n\n\n\n<div class=\"wp-block-accordion-toggle-accordion-toggle  root-eb-accordion-0ogium4\"><div class=\"eb-parent-wrapper eb-parent-eb-accordion-0ogium4\"><div class=\"eb-accordion-container eb-accordion-0ogium4\" data-accordion-type=\"toggle\" data-tab-icon=\"fas fa-angle-right\" data-expanded-icon=\"fas fa-angle-down\" data-transition-duration=\"500\"><div class=\"eb-accordion-inner\">\n<div class=\"wp-block-accordion-toggle-accordion-item eb-accordion-item-hcaqg84 eb-accordion-wrapper\" data-clickable=\"false\"><div class=\"eb-accordion-title-wrapper eb-accordion-title-wrapper-eb-accordion-0ogium4\" tabindex=\"0\"><span class=\"eb-accordion-icon-wrapper eb-accordion-icon-wrapper-eb-accordion-0ogium4\"><span class=\"fas fa-angle-right eb-accordion-icon\"><\/span><\/span><div class=\"eb-accordion-title-content-wrap title-content-eb-accordion-0ogium4\"><h3 class=\"eb-accordion-title\">Was ist LoRaWAN\u00ae<\/h3><\/div><\/div><div class=\"eb-accordion-content-wrapper eb-accordion-content-wrapper-eb-accordion-0ogium4\"><div class=\"eb-accordion-content\">\n<p>LoRaWAN\u00ae ist ein Funkprotokoll im Bereich der freien Netze. Dieses eignet sich besonders f\u00fcr die \u00dcbertragung von kleinen Datenpaketen, wie Temperatur oder Luftfeuchtigkeit, auch \u00fcber sehr gro\u00dfe Entfernungen. Der Strombedarf geht bei einer weiteren \u00dcbertragungsentfernung allerdings nach oben.<\/p>\n<\/div><\/div><\/div>\n\n\n\n<div class=\"wp-block-accordion-toggle-accordion-item eb-accordion-item-s5sg7hh eb-accordion-wrapper\" data-clickable=\"false\"><div class=\"eb-accordion-title-wrapper eb-accordion-title-wrapper-eb-accordion-0ogium4\" tabindex=\"0\"><span class=\"eb-accordion-icon-wrapper eb-accordion-icon-wrapper-eb-accordion-0ogium4\"><span class=\"fas fa-angle-right eb-accordion-icon\"><\/span><\/span><div class=\"eb-accordion-title-content-wrap title-content-eb-accordion-0ogium4\"><h3 class=\"eb-accordion-title\">How far can you cover distances with it? <\/h3><\/div><\/div><div class=\"eb-accordion-content-wrapper eb-accordion-content-wrapper-eb-accordion-0ogium4\"><div class=\"eb-accordion-content\">\n<p>We have covered ranges of over 7 km in our own tests and were still able to receive data. On the Internet you often read about ranges of up to 10 km. However, this depends very much on the topography and landscape structure. For example: Are there large reinforced concrete structures between the sensor and the gateway?<\/p>\n<\/div><\/div><\/div>\n\n\n\n<div class=\"wp-block-accordion-toggle-accordion-item eb-accordion-item-p0md9kv eb-accordion-wrapper\" data-clickable=\"false\"><div class=\"eb-accordion-title-wrapper eb-accordion-title-wrapper-eb-accordion-0ogium4\" tabindex=\"0\"><span class=\"eb-accordion-icon-wrapper eb-accordion-icon-wrapper-eb-accordion-0ogium4\"><span class=\"fas fa-angle-right eb-accordion-icon\"><\/span><\/span><div class=\"eb-accordion-title-content-wrap title-content-eb-accordion-0ogium4\"><h3 class=\"eb-accordion-title\">Can I also use it to record other data? <\/h3><\/div><\/div><div class=\"eb-accordion-content-wrapper eb-accordion-content-wrapper-eb-accordion-0ogium4\"><div class=\"eb-accordion-content\">\n<p>Of course, the number of use cases is huge. As no cable connection is required, this technology can be used to track locations in certain areas. Example: Is \u201ccarrier trolley A\u201d currently located in \u201cwarehouse building 1\u201d or in \u201cwarehouse building 2\u201d? A simple check-in\/check-out system is implemented for this purpose.<\/p>\n<\/div><\/div><\/div>\n<\/div><\/div><\/div><\/div>\n\n\n\n<div style=\"height:100px\" aria-hidden=\"true\" class=\"wp-block-spacer\"><\/div>\n\n\n\n<div class=\"wp-block-buttons alignwide is-horizontal is-content-justification-center is-layout-flex wp-container-core-buttons-is-layout-03627597 wp-block-buttons-is-layout-flex\">\n<div class=\"wp-block-button is-style-outline is-style-outline--1\"><a class=\"wp-block-button__link has-accent-color has-text-color has-normal-font-size has-custom-font-size wp-element-button\" href=\"tel:+497477918940\">Call now!<\/a><\/div>\n\n\n\n<div class=\"wp-block-button is-style-outline is-style-outline--2\"><a class=\"wp-block-button__link has-accent-color has-text-color has-normal-font-size has-custom-font-size wp-element-button\" href=\"mailto:kontakt@intec-international.com\">Write now!<\/a><\/div>\n<\/div>\n\n\n\n<p><\/p>","protected":false},"excerpt":{"rendered":"<p>Kabellose Sensordatenerfassung Oftmals hat bereits das Wissen \u00fcber einfache Parameter eine gro\u00dfe Auswirkung. Wenn man nun diese Parameter einfach erfassen kann, wird es schnell wirtschaftlich. Mit der LoRaWAN\u00ae Technologie k\u00f6nnen Sensoren auf simple Weise kabellos installiert und in bestehende Systeme integriert werden, um beispielsweise Umweltdaten in Produktionshallen zu erfassen und [&hellip;]<\/p>","protected":false},"author":6,"featured_media":0,"parent":0,"menu_order":0,"comment_status":"closed","ping_status":"closed","template":"","meta":{"_eb_attr":"","_monsterinsights_skip_tracking":false,"_monsterinsights_sitenote_active":false,"_monsterinsights_sitenote_note":"","_monsterinsights_sitenote_category":0,"footnotes":""},"class_list":["post-8339","page","type-page","status-publish","hentry"],"yoast_head":"<!-- This site is optimized with the Yoast SEO plugin v26.8 - https:\/\/yoast.com\/product\/yoast-seo-wordpress\/ -->\n<title>Daten\u00fcbertragung mit LoRaWAN\u00ae - INTEC International GmbH<\/title>\n<meta name=\"description\" content=\"Die \u00dcbertragung von Daten mittels LoRaWAN er\u00f6ffnet eine neue Welt der Datenerfassung. Wir unterst\u00fctzen gerne bei Ihrem LoRaWAN-Projekt!\" \/>\n<meta name=\"robots\" content=\"index, follow, max-snippet:-1, max-image-preview:large, max-video-preview:-1\" \/>\n<link rel=\"canonical\" href=\"https:\/\/www.intec-international.com\/en\/datenuebertragung-mit-lorawan\/\" \/>\n<meta property=\"og:locale\" content=\"en_GB\" \/>\n<meta property=\"og:type\" content=\"article\" \/>\n<meta property=\"og:title\" content=\"Daten\u00fcbertragung mit LoRaWAN\u00ae - INTEC International GmbH\" \/>\n<meta property=\"og:description\" content=\"Die \u00dcbertragung von Daten mittels LoRaWAN er\u00f6ffnet eine neue Welt der Datenerfassung. Wir unterst\u00fctzen gerne bei Ihrem LoRaWAN-Projekt!\" \/>\n<meta property=\"og:url\" content=\"https:\/\/www.intec-international.com\/en\/datenuebertragung-mit-lorawan\/\" \/>\n<meta property=\"og:site_name\" content=\"INTEC International GmbH\" \/>\n<meta property=\"article:modified_time\" content=\"2026-01-21T15:20:04+00:00\" \/>\n<meta property=\"og:image\" content=\"https:\/\/www.intec-international.com\/wp-content\/uploads\/2024\/10\/LoRaWANmitINTEC_Funktionsweise_Sensordaten_Sensorerfassung_Datenerfassung_Funktionsbeschreibung_Sensorschema_LoRaWANdarstellung.png\" \/>\n\t<meta property=\"og:image:width\" content=\"1183\" \/>\n\t<meta property=\"og:image:height\" content=\"771\" \/>\n\t<meta property=\"og:image:type\" content=\"image\/png\" \/>\n<meta name=\"twitter:card\" content=\"summary_large_image\" \/>\n<meta name=\"twitter:label1\" content=\"Estimated reading time\" \/>\n\t<meta name=\"twitter:data1\" content=\"3 minutes\" \/>\n<!-- \/ Yoast SEO plugin. -->","yoast_head_json":{"title":"Daten\u00fcbertragung mit LoRaWAN\u00ae - INTEC International GmbH","description":"Die \u00dcbertragung von Daten mittels LoRaWAN er\u00f6ffnet eine neue Welt der Datenerfassung. Wir unterst\u00fctzen gerne bei Ihrem LoRaWAN-Projekt!","robots":{"index":"index","follow":"follow","max-snippet":"max-snippet:-1","max-image-preview":"max-image-preview:large","max-video-preview":"max-video-preview:-1"},"canonical":"https:\/\/www.intec-international.com\/en\/datenuebertragung-mit-lorawan\/","og_locale":"en_GB","og_type":"article","og_title":"Daten\u00fcbertragung mit LoRaWAN\u00ae - INTEC International GmbH","og_description":"Die \u00dcbertragung von Daten mittels LoRaWAN er\u00f6ffnet eine neue Welt der Datenerfassung. Wir unterst\u00fctzen gerne bei Ihrem LoRaWAN-Projekt!","og_url":"https:\/\/www.intec-international.com\/en\/datenuebertragung-mit-lorawan\/","og_site_name":"INTEC International GmbH","article_modified_time":"2026-01-21T15:20:04+00:00","og_image":[{"width":1183,"height":771,"url":"https:\/\/www.intec-international.com\/wp-content\/uploads\/2024\/10\/LoRaWANmitINTEC_Funktionsweise_Sensordaten_Sensorerfassung_Datenerfassung_Funktionsbeschreibung_Sensorschema_LoRaWANdarstellung.png","type":"image\/png"}],"twitter_card":"summary_large_image","twitter_misc":{"Estimated reading time":"3 minutes"},"schema":{"@context":"https:\/\/schema.org","@graph":[{"@type":"WebPage","@id":"https:\/\/www.intec-international.com\/datenuebertragung-mit-lorawan\/","url":"https:\/\/www.intec-international.com\/datenuebertragung-mit-lorawan\/","name":"Daten\u00fcbertragung mit LoRaWAN\u00ae - INTEC International GmbH","isPartOf":{"@id":"https:\/\/www.intec-international.com\/#website"},"primaryImageOfPage":{"@id":"https:\/\/www.intec-international.com\/datenuebertragung-mit-lorawan\/#primaryimage"},"image":{"@id":"https:\/\/www.intec-international.com\/datenuebertragung-mit-lorawan\/#primaryimage"},"thumbnailUrl":"https:\/\/www.intec-international.com\/wp-content\/uploads\/2024\/10\/LoRaWANmitINTEC_Funktionsweise_Sensordaten_Sensorerfassung_Datenerfassung_Funktionsbeschreibung_Sensorschema_LoRaWANdarstellung.png","datePublished":"2024-10-30T08:28:13+00:00","dateModified":"2026-01-21T15:20:04+00:00","description":"Die \u00dcbertragung von Daten mittels LoRaWAN er\u00f6ffnet eine neue Welt der Datenerfassung. Wir unterst\u00fctzen gerne bei Ihrem LoRaWAN-Projekt!","breadcrumb":{"@id":"https:\/\/www.intec-international.com\/datenuebertragung-mit-lorawan\/#breadcrumb"},"inLanguage":"en-GB","potentialAction":[{"@type":"ReadAction","target":["https:\/\/www.intec-international.com\/datenuebertragung-mit-lorawan\/"]}]},{"@type":"ImageObject","inLanguage":"en-GB","@id":"https:\/\/www.intec-international.com\/datenuebertragung-mit-lorawan\/#primaryimage","url":"https:\/\/www.intec-international.com\/wp-content\/uploads\/2024\/10\/LoRaWANmitINTEC_Funktionsweise_Sensordaten_Sensorerfassung_Datenerfassung_Funktionsbeschreibung_Sensorschema_LoRaWANdarstellung.png","contentUrl":"https:\/\/www.intec-international.com\/wp-content\/uploads\/2024\/10\/LoRaWANmitINTEC_Funktionsweise_Sensordaten_Sensorerfassung_Datenerfassung_Funktionsbeschreibung_Sensorschema_LoRaWANdarstellung.png"},{"@type":"BreadcrumbList","@id":"https:\/\/www.intec-international.com\/datenuebertragung-mit-lorawan\/#breadcrumb","itemListElement":[{"@type":"ListItem","position":1,"name":"Startseite","item":"https:\/\/www.intec-international.com\/"},{"@type":"ListItem","position":2,"name":"Daten\u00fcbertragung mit LoRaWAN\u00ae"}]},{"@type":"WebSite","@id":"https:\/\/www.intec-international.com\/#website","url":"https:\/\/www.intec-international.com\/","name":"INTEC International GmbH","description":"MDE &amp; Remote Service - Digitalisierung der Produktion - INTEC","publisher":{"@id":"https:\/\/www.intec-international.com\/#organization"},"potentialAction":[{"@type":"SearchAction","target":{"@type":"EntryPoint","urlTemplate":"https:\/\/www.intec-international.com\/?s={search_term_string}"},"query-input":{"@type":"PropertyValueSpecification","valueRequired":true,"valueName":"search_term_string"}}],"inLanguage":"en-GB"},{"@type":"Organization","@id":"https:\/\/www.intec-international.com\/#organization","name":"INTEC International GmbH","url":"https:\/\/www.intec-international.com\/","logo":{"@type":"ImageObject","inLanguage":"en-GB","@id":"https:\/\/www.intec-international.com\/#\/schema\/logo\/image\/","url":"https:\/\/www.intec-international.com\/wp-content\/uploads\/2020\/10\/cropped-INTEC-ohne-Hintergrund.gif","contentUrl":"https:\/\/www.intec-international.com\/wp-content\/uploads\/2020\/10\/cropped-INTEC-ohne-Hintergrund.gif","width":574,"height":369,"caption":"INTEC International GmbH"},"image":{"@id":"https:\/\/www.intec-international.com\/#\/schema\/logo\/image\/"}}]}},"_links":{"self":[{"href":"https:\/\/www.intec-international.com\/en\/wp-json\/wp\/v2\/pages\/8339","targetHints":{"allow":["GET"]}}],"collection":[{"href":"https:\/\/www.intec-international.com\/en\/wp-json\/wp\/v2\/pages"}],"about":[{"href":"https:\/\/www.intec-international.com\/en\/wp-json\/wp\/v2\/types\/page"}],"author":[{"embeddable":true,"href":"https:\/\/www.intec-international.com\/en\/wp-json\/wp\/v2\/users\/6"}],"replies":[{"embeddable":true,"href":"https:\/\/www.intec-international.com\/en\/wp-json\/wp\/v2\/comments?post=8339"}],"version-history":[{"count":9,"href":"https:\/\/www.intec-international.com\/en\/wp-json\/wp\/v2\/pages\/8339\/revisions"}],"predecessor-version":[{"id":8426,"href":"https:\/\/www.intec-international.com\/en\/wp-json\/wp\/v2\/pages\/8339\/revisions\/8426"}],"wp:attachment":[{"href":"https:\/\/www.intec-international.com\/en\/wp-json\/wp\/v2\/media?parent=8339"}],"curies":[{"name":"wp","href":"https:\/\/api.w.org\/{rel}","templated":true}]}}