{"id":7583,"date":"2021-09-14T09:49:48","date_gmt":"2021-09-14T07:49:48","guid":{"rendered":"https:\/\/www.intec-international.com\/?page_id=7583"},"modified":"2025-12-01T13:03:48","modified_gmt":"2025-12-01T12:03:48","slug":"impressum-2","status":"publish","type":"page","link":"https:\/\/www.intec-international.com\/en\/impressum-2\/","title":{"rendered":"Imprint"},"content":{"rendered":"<div class=\"wp-block-themeisle-blocks-advanced-columns has-1-columns has-desktop-equal-layout has-tablet-equal-layout has-mobile-equal-layout has-default-gap has-vertical-unset\" id=\"wp-block-themeisle-blocks-advanced-columns-13e2b624\"><div class=\"wp-block-themeisle-blocks-advanced-columns-overlay\"><\/div><div class=\"innerblocks-wrap\">\n<div class=\"wp-block-themeisle-blocks-advanced-column\" id=\"wp-block-themeisle-blocks-advanced-column-1eca38db\">\n<p id=\"block-6e37bc04-4b2b-4a64-9aa2-c8d053d12f6e\"><br>INTEC International GmbH<br>Killertalstra\u00dfe 4<br>D-72379 Hechingen<br><br>Gesch\u00e4ftsf\u00fchrer:<\/p>\n<ul id=\"block-c01bf360-1238-4f81-beda-0a16b142e07a\"><li>Gerd Ludwig<\/li><li>Christian Ludwig<\/li><li>J\u00fcrgen Abberger<\/li><\/ul>\n<p id=\"block-f40ad867-448b-4b9e-a348-f5817909d3ac\">Tel. +49 7477 91894-0<\/p>\n<p id=\"block-1e70b340-0fc8-4143-bb64-87430fe39733\">e-mail:&nbsp;<a href=\"mailto:kontakt@intec-international.com\">kontakt@intec-international.com<\/a><br>www.intec-international.com<\/p>\n<p id=\"block-b1320620-e2c3-4ec9-8170-a7062c634acb\">Registergericht: Stuttgart HRB 420698<br>USt-IDNr. DE 1 46 39 27 57<\/p>\n<h2><\/h2>\n<\/div>\n<\/div><\/div>","protected":false},"excerpt":{"rendered":"<p>INTEC International GmbHKillertalstra\u00dfe 4D-72379 Hechingen Gesch\u00e4ftsf\u00fchrer: Gerd Ludwig Christian Ludwig J\u00fcrgen Abberger Tel. +49 7477 91894-0 e-mail:&nbsp;kontakt@intec-international.comwww.intec-international.com Registergericht: Stuttgart HRB 420698USt-IDNr. DE 1 46 39 27 57<\/p>","protected":false},"author":2,"featured_media":0,"parent":0,"menu_order":0,"comment_status":"closed","ping_status":"closed","template":"","meta":{"_eb_attr":"","_monsterinsights_skip_tracking":false,"_monsterinsights_sitenote_active":false,"_monsterinsights_sitenote_note":"","_monsterinsights_sitenote_category":0,"footnotes":""},"class_list":["post-7583","page","type-page","status-publish","hentry"],"yoast_head":"<!-- This site is optimized with the Yoast SEO plugin v26.8 - https:\/\/yoast.com\/product\/yoast-seo-wordpress\/ -->\n<title>Impressum - INTEC International GmbH<\/title>\n<meta name=\"robots\" content=\"index, follow, max-snippet:-1, max-image-preview:large, max-video-preview:-1\" \/>\n<link rel=\"canonical\" href=\"https:\/\/www.intec-international.com\/en\/impressum-2\/\" \/>\n<meta property=\"og:locale\" content=\"en_GB\" \/>\n<meta property=\"og:type\" content=\"article\" \/>\n<meta property=\"og:title\" content=\"Impressum - INTEC International GmbH\" \/>\n<meta property=\"og:description\" content=\"INTEC International GmbHKillertalstra\u00dfe 4D-72379 Hechingen Gesch\u00e4ftsf\u00fchrer: Gerd Ludwig Christian Ludwig J\u00fcrgen Abberger Tel. +49 7477 91894-0 e-mail:&nbsp;kontakt@intec-international.comwww.intec-international.com Registergericht: Stuttgart HRB 420698USt-IDNr. DE 1 46 39 27 57\" \/>\n<meta property=\"og:url\" content=\"https:\/\/www.intec-international.com\/en\/impressum-2\/\" \/>\n<meta property=\"og:site_name\" content=\"INTEC International GmbH\" \/>\n<meta property=\"article:modified_time\" content=\"2025-12-01T12:03:48+00:00\" \/>\n<meta name=\"twitter:card\" content=\"summary_large_image\" \/>\n<meta name=\"twitter:label1\" content=\"Estimated reading time\" \/>\n\t<meta name=\"twitter:data1\" content=\"1 minute\" \/>\n<!-- \/ Yoast SEO plugin. -->","yoast_head_json":{"title":"Impressum - INTEC International GmbH","robots":{"index":"index","follow":"follow","max-snippet":"max-snippet:-1","max-image-preview":"max-image-preview:large","max-video-preview":"max-video-preview:-1"},"canonical":"https:\/\/www.intec-international.com\/en\/impressum-2\/","og_locale":"en_GB","og_type":"article","og_title":"Impressum - INTEC International GmbH","og_description":"INTEC International GmbHKillertalstra\u00dfe 4D-72379 Hechingen Gesch\u00e4ftsf\u00fchrer: Gerd Ludwig Christian Ludwig J\u00fcrgen Abberger Tel. +49 7477 91894-0 e-mail:&nbsp;kontakt@intec-international.comwww.intec-international.com Registergericht: Stuttgart HRB 420698USt-IDNr. DE 1 46 39 27 57","og_url":"https:\/\/www.intec-international.com\/en\/impressum-2\/","og_site_name":"INTEC International GmbH","article_modified_time":"2025-12-01T12:03:48+00:00","twitter_card":"summary_large_image","twitter_misc":{"Estimated reading time":"1 minute"},"schema":{"@context":"https:\/\/schema.org","@graph":[{"@type":"WebPage","@id":"https:\/\/www.intec-international.com\/impressum-2\/","url":"https:\/\/www.intec-international.com\/impressum-2\/","name":"Impressum - INTEC International GmbH","isPartOf":{"@id":"https:\/\/www.intec-international.com\/#website"},"datePublished":"2021-09-14T07:49:48+00:00","dateModified":"2025-12-01T12:03:48+00:00","breadcrumb":{"@id":"https:\/\/www.intec-international.com\/impressum-2\/#breadcrumb"},"inLanguage":"en-GB","potentialAction":[{"@type":"ReadAction","target":["https:\/\/www.intec-international.com\/impressum-2\/"]}]},{"@type":"BreadcrumbList","@id":"https:\/\/www.intec-international.com\/impressum-2\/#breadcrumb","itemListElement":[{"@type":"ListItem","position":1,"name":"Startseite","item":"https:\/\/www.intec-international.com\/"},{"@type":"ListItem","position":2,"name":"Impressum"}]},{"@type":"WebSite","@id":"https:\/\/www.intec-international.com\/#website","url":"https:\/\/www.intec-international.com\/","name":"INTEC International GmbH","description":"MDE &amp; Remote Service - Digitalisierung der Produktion - INTEC","publisher":{"@id":"https:\/\/www.intec-international.com\/#organization"},"potentialAction":[{"@type":"SearchAction","target":{"@type":"EntryPoint","urlTemplate":"https:\/\/www.intec-international.com\/?s={search_term_string}"},"query-input":{"@type":"PropertyValueSpecification","valueRequired":true,"valueName":"search_term_string"}}],"inLanguage":"en-GB"},{"@type":"Organization","@id":"https:\/\/www.intec-international.com\/#organization","name":"INTEC International GmbH","url":"https:\/\/www.intec-international.com\/","logo":{"@type":"ImageObject","inLanguage":"en-GB","@id":"https:\/\/www.intec-international.com\/#\/schema\/logo\/image\/","url":"https:\/\/www.intec-international.com\/wp-content\/uploads\/2020\/10\/cropped-INTEC-ohne-Hintergrund.gif","contentUrl":"https:\/\/www.intec-international.com\/wp-content\/uploads\/2020\/10\/cropped-INTEC-ohne-Hintergrund.gif","width":574,"height":369,"caption":"INTEC International GmbH"},"image":{"@id":"https:\/\/www.intec-international.com\/#\/schema\/logo\/image\/"}}]}},"_links":{"self":[{"href":"https:\/\/www.intec-international.com\/en\/wp-json\/wp\/v2\/pages\/7583","targetHints":{"allow":["GET"]}}],"collection":[{"href":"https:\/\/www.intec-international.com\/en\/wp-json\/wp\/v2\/pages"}],"about":[{"href":"https:\/\/www.intec-international.com\/en\/wp-json\/wp\/v2\/types\/page"}],"author":[{"embeddable":true,"href":"https:\/\/www.intec-international.com\/en\/wp-json\/wp\/v2\/users\/2"}],"replies":[{"embeddable":true,"href":"https:\/\/www.intec-international.com\/en\/wp-json\/wp\/v2\/comments?post=7583"}],"version-history":[{"count":2,"href":"https:\/\/www.intec-international.com\/en\/wp-json\/wp\/v2\/pages\/7583\/revisions"}],"predecessor-version":[{"id":8411,"href":"https:\/\/www.intec-international.com\/en\/wp-json\/wp\/v2\/pages\/7583\/revisions\/8411"}],"wp:attachment":[{"href":"https:\/\/www.intec-international.com\/en\/wp-json\/wp\/v2\/media?parent=7583"}],"curies":[{"name":"wp","href":"https:\/\/api.w.org\/{rel}","templated":true}]}}