{"id":5191,"date":"2020-06-18T14:08:00","date_gmt":"2020-06-18T12:08:00","guid":{"rendered":"http:\/\/192.168.50.201\/?page_id=5191"},"modified":"2024-11-07T11:51:07","modified_gmt":"2024-11-07T10:51:07","slug":"unser-portfolio","status":"publish","type":"page","link":"https:\/\/www.intec-international.com\/en\/unser-portfolio\/","title":{"rendered":"Our Portfolio"},"content":{"rendered":"<p class=\"has-secondary-color has-text-color\">Our products of the MEP\u00ae series enable data acquisition, data transfer and remote maintenance as a flexible embedded system for machines, systems and many technical systems. They allow preventive maintenance and, in the event of a malfunction, simple, quick and easy remote access using a cyber-secure remote service. This cyber-secure remote connection is certifided according to ISO 27001:2013.<\/p>\n\n\n<div class=\"wp-block-image\">\n<figure class=\"aligncenter size-full\"><img loading=\"lazy\" decoding=\"async\" width=\"800\" height=\"600\" src=\"http:\/\/www.intec-international.com\/wp-content\/uploads\/2021\/10\/Portfolio-Industrie-4.0-IoT-IIoT.png\" alt=\"\" class=\"wp-image-7684\" srcset=\"https:\/\/www.intec-international.com\/wp-content\/uploads\/2021\/10\/Portfolio-Industrie-4.0-IoT-IIoT.png 800w, https:\/\/www.intec-international.com\/wp-content\/uploads\/2021\/10\/Portfolio-Industrie-4.0-IoT-IIoT-300x225.png 300w, https:\/\/www.intec-international.com\/wp-content\/uploads\/2021\/10\/Portfolio-Industrie-4.0-IoT-IIoT-768x576.png 768w\" sizes=\"auto, (max-width: 800px) 100vw, 800px\" \/><\/figure><\/div>\n\n\n<div style=\"height:87px\" aria-hidden=\"true\" class=\"wp-block-spacer\"><\/div>\n\n\n\n<h1 class=\"wp-block-heading has-text-align-center\" style=\"font-size:25px\"><strong>An overview of our products<\/strong><\/h1>\n\n\n\n<div style=\"height:97px\" aria-hidden=\"true\" class=\"wp-block-spacer\"><\/div>\n\n\n\n<div class=\"wp-block-media-text alignwide is-stacked-on-mobile\" style=\"grid-template-columns:17% auto\"><figure class=\"wp-block-media-text__media\"><img loading=\"lazy\" decoding=\"async\" width=\"370\" height=\"201\" src=\"http:\/\/www.intec-international.com\/wp-content\/uploads\/2020\/05\/login_mep.png\" alt=\"\" class=\"wp-image-4395 size-full\" srcset=\"https:\/\/www.intec-international.com\/wp-content\/uploads\/2020\/05\/login_mep.png 370w, https:\/\/www.intec-international.com\/wp-content\/uploads\/2020\/05\/login_mep-300x163.png 300w\" sizes=\"auto, (max-width: 370px) 100vw, 370px\" \/><\/figure><div class=\"wp-block-media-text__content\">\n<h2 class=\"wp-block-heading has-medium-font-size\"><strong>Your global and cyber-secure service strategy <\/strong><\/h2>\n\n\n\n<p class=\"has-black-color has-text-color\">With our MEP\u00aeManager we offer you the possibility to monitor your machines and plants worldwide quickly and safely via a central administration point.<\/p>\n\n\n\n<div class=\"wp-block-buttons is-layout-flex wp-block-buttons-is-layout-flex\">\n<div class=\"wp-block-button is-style-fill\"><a class=\"wp-block-button__link has-white-color has-accent-background-color has-text-color has-background wp-element-button\" href=\"http:\/\/www.intec-international.com\/en\/sicherer-remote-service\/\" style=\"border-radius:50px\" target=\"_blank\" rel=\"noreferrer noopener\"><sub>MEHR ERFAHREN&#8230;<\/sub><\/a><\/div>\n<\/div>\n<\/div><\/div>\n\n\n\n<div style=\"height:100px\" aria-hidden=\"true\" class=\"wp-block-spacer\"><\/div>\n\n\n\n<hr class=\"wp-block-separator has-text-color has-accent-color has-css-opacity has-accent-background-color has-background\"\/>\n\n\n\n<div style=\"height:100px\" aria-hidden=\"true\" class=\"wp-block-spacer\"><\/div>\n\n\n\n<div class=\"wp-block-media-text alignwide is-stacked-on-mobile\" style=\"grid-template-columns:17% auto\"><figure class=\"wp-block-media-text__media\"><img loading=\"lazy\" decoding=\"async\" width=\"1024\" height=\"581\" src=\"http:\/\/www.intec-international.com\/wp-content\/uploads\/2020\/06\/mepdr_login-1-1024x581.png\" alt=\"\" class=\"wp-image-5174 size-full\" srcset=\"https:\/\/www.intec-international.com\/wp-content\/uploads\/2020\/06\/mepdr_login-1-1024x581.png 1024w, https:\/\/www.intec-international.com\/wp-content\/uploads\/2020\/06\/mepdr_login-1-300x170.png 300w, https:\/\/www.intec-international.com\/wp-content\/uploads\/2020\/06\/mepdr_login-1-768x435.png 768w, https:\/\/www.intec-international.com\/wp-content\/uploads\/2020\/06\/mepdr_login-1-1536x871.png 1536w, https:\/\/www.intec-international.com\/wp-content\/uploads\/2020\/06\/mepdr_login-1.png 2000w\" sizes=\"auto, (max-width: 1024px) 100vw, 1024px\" \/><\/figure><div class=\"wp-block-media-text__content\">\n<h2 class=\"wp-block-heading has-medium-font-size\"><strong>Recorded datas are valuable information!<\/strong><\/h2>\n\n\n\n<p class=\"has-black-color has-text-color\">Mehr Transparenz in der Produktion und Datenanalyse f\u00fcr eine gezielte Prozessplanung. Dies gelingt Ihnen mittels unserer einfach konfigurierbaren Hard- und Software-Kombination f\u00fcr Maschinendatenerfassung.<\/p>\n\n\n\n<div class=\"wp-block-buttons is-layout-flex wp-block-buttons-is-layout-flex\">\n<div class=\"wp-block-button\"><a class=\"wp-block-button__link has-white-color has-accent-background-color has-text-color has-background wp-element-button\" href=\"http:\/\/www.intec-international.com\/en\/maschinendatenerfassung\/\" style=\"border-radius:50px\" target=\"_blank\" rel=\"noreferrer noopener\"><sub>MEHR ERFAHREN&#8230;<\/sub><\/a><\/div>\n<\/div>\n<\/div><\/div>\n\n\n\n<div style=\"height:100px\" aria-hidden=\"true\" class=\"wp-block-spacer\"><\/div>\n\n\n\n<hr class=\"wp-block-separator has-text-color has-accent-color has-css-opacity has-accent-background-color has-background\"\/>\n\n\n\n<div style=\"height:100px\" aria-hidden=\"true\" class=\"wp-block-spacer\"><\/div>\n\n\n\n<div class=\"wp-block-media-text alignwide is-stacked-on-mobile\" style=\"grid-template-columns:17% auto\"><figure class=\"wp-block-media-text__media\"><img loading=\"lazy\" decoding=\"async\" width=\"514\" height=\"166\" src=\"https:\/\/www.intec-international.com\/wp-content\/uploads\/2024\/11\/LoRaWAN_Logo.png\" alt=\"\" class=\"wp-image-8361 size-full\" srcset=\"https:\/\/www.intec-international.com\/wp-content\/uploads\/2024\/11\/LoRaWAN_Logo.png 514w, https:\/\/www.intec-international.com\/wp-content\/uploads\/2024\/11\/LoRaWAN_Logo-300x97.png 300w, https:\/\/www.intec-international.com\/wp-content\/uploads\/2024\/11\/LoRaWAN_Logo-18x6.png 18w\" sizes=\"auto, (max-width: 514px) 100vw, 514px\" \/><\/figure><div class=\"wp-block-media-text__content\">\n<h2 class=\"wp-block-heading has-medium-font-size\"><strong>Fast solutions with LoRaWAN<\/strong><\/h2>\n\n\n\n<p class=\"has-black-color has-text-color\">Simple implementation of solutions with wireless sensors. LoRaWAN technology makes it quick and easy to collect and correlate data. We help you with your project. <\/p>\n\n\n\n<div class=\"wp-block-buttons is-layout-flex wp-block-buttons-is-layout-flex\">\n<div class=\"wp-block-button\"><a class=\"wp-block-button__link has-white-color has-accent-background-color has-text-color has-background wp-element-button\" href=\"http:\/\/www.intec-international.com\/en\/datenuebertragung-mit-lorawan\/\" style=\"border-radius:50px\" target=\"_blank\" rel=\"noreferrer noopener\"><sub>MEHR ERFAHREN&#8230;<\/sub><\/a><\/div>\n<\/div>\n<\/div><\/div>\n\n\n\n<div style=\"height:100px\" aria-hidden=\"true\" class=\"wp-block-spacer\"><\/div>\n\n\n\n<hr class=\"wp-block-separator has-text-color has-accent-color has-css-opacity has-accent-background-color has-background\"\/>\n\n\n\n<div style=\"height:100px\" aria-hidden=\"true\" class=\"wp-block-spacer\"><\/div>\n\n\n\n<div class=\"wp-block-media-text alignwide is-stacked-on-mobile\" style=\"grid-template-columns:17% auto\"><figure class=\"wp-block-media-text__media\"><img loading=\"lazy\" decoding=\"async\" width=\"433\" height=\"288\" src=\"http:\/\/www.intec-international.com\/wp-content\/uploads\/2020\/07\/MEPSmartDevice-1.png\" alt=\"\" class=\"wp-image-6029 size-full\" srcset=\"https:\/\/www.intec-international.com\/wp-content\/uploads\/2020\/07\/MEPSmartDevice-1.png 433w, https:\/\/www.intec-international.com\/wp-content\/uploads\/2020\/07\/MEPSmartDevice-1-300x200.png 300w, https:\/\/www.intec-international.com\/wp-content\/uploads\/2020\/07\/MEPSmartDevice-1-360x240.png 360w\" sizes=\"auto, (max-width: 433px) 100vw, 433px\" \/><\/figure><div class=\"wp-block-media-text__content\">\n<h2 class=\"wp-block-heading has-medium-font-size translation-block\"><strong>Your universal solution to read and send machine data<\/strong><\/h2>\n\n\n\n<p class=\"has-black-color has-text-color\">Our basic hardware is an embedded industrial PC that can be used universally on any machine, regardless of size or age, for data acquisition or for remote service.<\/p>\n\n\n\n<div class=\"wp-block-buttons is-layout-flex wp-block-buttons-is-layout-flex\">\n<div class=\"wp-block-button\"><a class=\"wp-block-button__link has-white-color has-accent-background-color has-text-color has-background wp-element-button\" href=\"https:\/\/www.intec-international.com\/en\/industriepc\/\" target=\"_blank\" rel=\"noreferrer noopener\"><sub>MEHR ERFAHREN<\/sub><\/a><\/div>\n<\/div>\n<\/div><\/div>\n\n\n\n<div style=\"height:100px\" aria-hidden=\"true\" class=\"wp-block-spacer\"><\/div>\n\n\n\n<hr class=\"wp-block-separator has-text-color has-accent-color has-css-opacity has-accent-background-color has-background\"\/>\n\n\n\n<div style=\"height:100px\" aria-hidden=\"true\" class=\"wp-block-spacer\"><\/div>\n\n\n\n<div class=\"wp-block-media-text alignwide is-stacked-on-mobile\" style=\"grid-template-columns:17% auto\"><figure class=\"wp-block-media-text__media\"><img loading=\"lazy\" decoding=\"async\" width=\"2000\" height=\"1080\" src=\"https:\/\/www.intec-international.com\/wp-content\/uploads\/2021\/08\/DustDepositDetector.png\" alt=\"\" class=\"wp-image-7323 size-full\" srcset=\"https:\/\/www.intec-international.com\/wp-content\/uploads\/2021\/08\/DustDepositDetector.png 2000w, https:\/\/www.intec-international.com\/wp-content\/uploads\/2021\/08\/DustDepositDetector-300x162.png 300w, https:\/\/www.intec-international.com\/wp-content\/uploads\/2021\/08\/DustDepositDetector-768x415.png 768w, https:\/\/www.intec-international.com\/wp-content\/uploads\/2021\/08\/DustDepositDetector-1536x829.png 1536w\" sizes=\"auto, (max-width: 2000px) 100vw, 2000px\" \/><\/figure><div class=\"wp-block-media-text__content\">\n<h2 class=\"wp-block-heading has-medium-font-size\"><strong>Your solution for efficient photovoltaic systems<\/strong><\/h2>\n\n\n\n<p class=\"has-black-color has-text-color\">Durch ein Monitoring der PV-Anlage mit unserem Dust Deposit Detector k\u00f6nnen Fehler fr\u00fchzeitig erkannt und behoben werden.<\/p>\n\n\n\n<div class=\"wp-block-buttons is-layout-flex wp-block-buttons-is-layout-flex\">\n<div class=\"wp-block-button\"><a class=\"wp-block-button__link has-white-color has-accent-background-color has-text-color has-background wp-element-button\" href=\"http:\/\/www.intec-international.com\/en\/dust-deposit-detector\/\" style=\"border-radius:50px\" target=\"_blank\" rel=\"noreferrer noopener\"><sub>MEHR ERFAHREN&#8230;<\/sub><\/a><\/div>\n<\/div>\n<\/div><\/div>\n\n\n\n<div style=\"height:100px\" aria-hidden=\"true\" class=\"wp-block-spacer\"><\/div>\n\n\n\n<hr class=\"wp-block-separator has-text-color has-accent-color has-css-opacity has-accent-background-color has-background\"\/>\n\n\n\n<div style=\"height:100px\" aria-hidden=\"true\" class=\"wp-block-spacer\"><\/div>\n\n\n\n<div class=\"wp-block-media-text alignwide is-stacked-on-mobile\" style=\"grid-template-columns:17% auto\"><figure class=\"wp-block-media-text__media\"><img loading=\"lazy\" decoding=\"async\" width=\"341\" height=\"201\" src=\"http:\/\/www.intec-international.com\/wp-content\/uploads\/2020\/06\/BigData-Monitor.jpg\" alt=\"\" class=\"wp-image-5247 size-full\" srcset=\"https:\/\/www.intec-international.com\/wp-content\/uploads\/2020\/06\/BigData-Monitor.jpg 341w, https:\/\/www.intec-international.com\/wp-content\/uploads\/2020\/06\/BigData-Monitor-300x177.jpg 300w\" sizes=\"auto, (max-width: 341px) 100vw, 341px\" \/><\/figure><div class=\"wp-block-media-text__content\">\n<h2 class=\"wp-block-heading has-medium-font-size\"><strong>BigData Monitor\u00ae: Business Intelligence in Full HD<\/strong><\/h2>\n\n\n\n<p class=\"has-black-color has-text-color\">BigData Management requires the BigData Monitor, for transparency across all company areas and for the rapid consolidation and visualization of all business data and processes in real time. <\/p>\n\n\n\n<div class=\"wp-block-buttons is-layout-flex wp-block-buttons-is-layout-flex\">\n<div class=\"wp-block-button\"><a class=\"wp-block-button__link has-white-color has-accent-background-color has-text-color has-background wp-element-button\" href=\"http:\/\/www.intec-international.com\/en\/bigdata-monitor\/\" style=\"border-radius:50px\" target=\"_blank\" rel=\"noreferrer noopener\"><sub>MEHR ERFAHREN&#8230;<\/sub><\/a><\/div>\n<\/div>\n<\/div><\/div>\n\n\n\n<div style=\"height:137px\" aria-hidden=\"true\" class=\"wp-block-spacer\"><\/div>","protected":false},"excerpt":{"rendered":"<p>Unsere Produkte der MEP\u00ae-Reihe erm\u00f6glichen Datenerfassung, Datentransfer und Fernwartung als flexibles Embedded System f\u00fcr Maschinen, Anlagen und viele technische Systeme. Sie erlauben die pr\u00e4ventive Wartung und im St\u00f6rungsfall einen einfachen, schnellen und problemlosen Remote-Zugriff mittels einem cyber-secure remote Service. Diese cyber-secure remote Verbindung ist nach ISO 27001:2013 zertifiziert. Ein \u00dcberblick [&hellip;]<\/p>","protected":false},"author":2,"featured_media":0,"parent":0,"menu_order":0,"comment_status":"closed","ping_status":"closed","template":"","meta":{"_eb_attr":"","_monsterinsights_skip_tracking":false,"_monsterinsights_sitenote_active":false,"_monsterinsights_sitenote_note":"","_monsterinsights_sitenote_category":0,"footnotes":""},"class_list":["post-5191","page","type-page","status-publish","hentry"],"yoast_head":"<!-- This site is optimized with the Yoast SEO plugin v26.8 - https:\/\/yoast.com\/product\/yoast-seo-wordpress\/ -->\n<title>Unser Portfolio - INTEC International GmbH<\/title>\n<meta name=\"description\" content=\"Hier erhalten Sie einen \u00dcberblick \u00fcber unser Produkt-Angebot. Vom sicheren Remote-Zugriff, zur Erfassung der Daten, bis hin zur Auswertung.\" \/>\n<meta name=\"robots\" content=\"index, follow, max-snippet:-1, max-image-preview:large, max-video-preview:-1\" \/>\n<link rel=\"canonical\" href=\"https:\/\/www.intec-international.com\/en\/unser-portfolio\/\" \/>\n<meta property=\"og:locale\" content=\"en_GB\" \/>\n<meta property=\"og:type\" content=\"article\" \/>\n<meta property=\"og:title\" content=\"Unser Portfolio - INTEC International GmbH\" \/>\n<meta property=\"og:description\" content=\"Hier erhalten Sie einen \u00dcberblick \u00fcber unser Produkt-Angebot. Vom sicheren Remote-Zugriff, zur Erfassung der Daten, bis hin zur Auswertung.\" \/>\n<meta property=\"og:url\" content=\"https:\/\/www.intec-international.com\/en\/unser-portfolio\/\" \/>\n<meta property=\"og:site_name\" content=\"INTEC International GmbH\" \/>\n<meta property=\"article:modified_time\" content=\"2024-11-07T10:51:07+00:00\" \/>\n<meta property=\"og:image\" content=\"http:\/\/www.intec-international.com\/wp-content\/uploads\/2021\/10\/Portfolio-Industrie-4.0-IoT-IIoT.png\" \/>\n<meta name=\"twitter:card\" content=\"summary_large_image\" \/>\n<meta name=\"twitter:label1\" content=\"Estimated reading time\" \/>\n\t<meta name=\"twitter:data1\" content=\"3 minutes\" \/>\n<!-- \/ Yoast SEO plugin. -->","yoast_head_json":{"title":"Unser Portfolio - INTEC International GmbH","description":"Hier erhalten Sie einen \u00dcberblick \u00fcber unser Produkt-Angebot. Vom sicheren Remote-Zugriff, zur Erfassung der Daten, bis hin zur Auswertung.","robots":{"index":"index","follow":"follow","max-snippet":"max-snippet:-1","max-image-preview":"max-image-preview:large","max-video-preview":"max-video-preview:-1"},"canonical":"https:\/\/www.intec-international.com\/en\/unser-portfolio\/","og_locale":"en_GB","og_type":"article","og_title":"Unser Portfolio - INTEC International GmbH","og_description":"Hier erhalten Sie einen \u00dcberblick \u00fcber unser Produkt-Angebot. Vom sicheren Remote-Zugriff, zur Erfassung der Daten, bis hin zur Auswertung.","og_url":"https:\/\/www.intec-international.com\/en\/unser-portfolio\/","og_site_name":"INTEC International GmbH","article_modified_time":"2024-11-07T10:51:07+00:00","og_image":[{"url":"http:\/\/www.intec-international.com\/wp-content\/uploads\/2021\/10\/Portfolio-Industrie-4.0-IoT-IIoT.png","type":"","width":"","height":""}],"twitter_card":"summary_large_image","twitter_misc":{"Estimated reading time":"3 minutes"},"schema":{"@context":"https:\/\/schema.org","@graph":[{"@type":"WebPage","@id":"https:\/\/www.intec-international.com\/unser-portfolio\/","url":"https:\/\/www.intec-international.com\/unser-portfolio\/","name":"Unser Portfolio - INTEC International GmbH","isPartOf":{"@id":"https:\/\/www.intec-international.com\/#website"},"primaryImageOfPage":{"@id":"https:\/\/www.intec-international.com\/unser-portfolio\/#primaryimage"},"image":{"@id":"https:\/\/www.intec-international.com\/unser-portfolio\/#primaryimage"},"thumbnailUrl":"http:\/\/www.intec-international.com\/wp-content\/uploads\/2021\/10\/Portfolio-Industrie-4.0-IoT-IIoT.png","datePublished":"2020-06-18T12:08:00+00:00","dateModified":"2024-11-07T10:51:07+00:00","description":"Hier erhalten Sie einen \u00dcberblick \u00fcber unser Produkt-Angebot. Vom sicheren Remote-Zugriff, zur Erfassung der Daten, bis hin zur Auswertung.","breadcrumb":{"@id":"https:\/\/www.intec-international.com\/unser-portfolio\/#breadcrumb"},"inLanguage":"en-GB","potentialAction":[{"@type":"ReadAction","target":["https:\/\/www.intec-international.com\/unser-portfolio\/"]}]},{"@type":"ImageObject","inLanguage":"en-GB","@id":"https:\/\/www.intec-international.com\/unser-portfolio\/#primaryimage","url":"http:\/\/www.intec-international.com\/wp-content\/uploads\/2021\/10\/Portfolio-Industrie-4.0-IoT-IIoT.png","contentUrl":"http:\/\/www.intec-international.com\/wp-content\/uploads\/2021\/10\/Portfolio-Industrie-4.0-IoT-IIoT.png"},{"@type":"BreadcrumbList","@id":"https:\/\/www.intec-international.com\/unser-portfolio\/#breadcrumb","itemListElement":[{"@type":"ListItem","position":1,"name":"Startseite","item":"https:\/\/www.intec-international.com\/"},{"@type":"ListItem","position":2,"name":"Unser Portfolio"}]},{"@type":"WebSite","@id":"https:\/\/www.intec-international.com\/#website","url":"https:\/\/www.intec-international.com\/","name":"INTEC International GmbH","description":"MDE &amp; Remote Service - Digitalisierung der Produktion - INTEC","publisher":{"@id":"https:\/\/www.intec-international.com\/#organization"},"potentialAction":[{"@type":"SearchAction","target":{"@type":"EntryPoint","urlTemplate":"https:\/\/www.intec-international.com\/?s={search_term_string}"},"query-input":{"@type":"PropertyValueSpecification","valueRequired":true,"valueName":"search_term_string"}}],"inLanguage":"en-GB"},{"@type":"Organization","@id":"https:\/\/www.intec-international.com\/#organization","name":"INTEC International GmbH","url":"https:\/\/www.intec-international.com\/","logo":{"@type":"ImageObject","inLanguage":"en-GB","@id":"https:\/\/www.intec-international.com\/#\/schema\/logo\/image\/","url":"https:\/\/www.intec-international.com\/wp-content\/uploads\/2020\/10\/cropped-INTEC-ohne-Hintergrund.gif","contentUrl":"https:\/\/www.intec-international.com\/wp-content\/uploads\/2020\/10\/cropped-INTEC-ohne-Hintergrund.gif","width":574,"height":369,"caption":"INTEC International GmbH"},"image":{"@id":"https:\/\/www.intec-international.com\/#\/schema\/logo\/image\/"}}]}},"_links":{"self":[{"href":"https:\/\/www.intec-international.com\/en\/wp-json\/wp\/v2\/pages\/5191","targetHints":{"allow":["GET"]}}],"collection":[{"href":"https:\/\/www.intec-international.com\/en\/wp-json\/wp\/v2\/pages"}],"about":[{"href":"https:\/\/www.intec-international.com\/en\/wp-json\/wp\/v2\/types\/page"}],"author":[{"embeddable":true,"href":"https:\/\/www.intec-international.com\/en\/wp-json\/wp\/v2\/users\/2"}],"replies":[{"embeddable":true,"href":"https:\/\/www.intec-international.com\/en\/wp-json\/wp\/v2\/comments?post=5191"}],"version-history":[{"count":56,"href":"https:\/\/www.intec-international.com\/en\/wp-json\/wp\/v2\/pages\/5191\/revisions"}],"predecessor-version":[{"id":8362,"href":"https:\/\/www.intec-international.com\/en\/wp-json\/wp\/v2\/pages\/5191\/revisions\/8362"}],"wp:attachment":[{"href":"https:\/\/www.intec-international.com\/en\/wp-json\/wp\/v2\/media?parent=5191"}],"curies":[{"name":"wp","href":"https:\/\/api.w.org\/{rel}","templated":true}]}}