{"id":4925,"date":"2020-05-29T14:45:39","date_gmt":"2020-05-29T12:45:39","guid":{"rendered":"http:\/\/192.168.50.201\/?page_id=4925"},"modified":"2021-10-06T14:04:27","modified_gmt":"2021-10-06T12:04:27","slug":"unsere-leistungen-2","status":"publish","type":"page","link":"https:\/\/www.intec-international.com\/en\/unsere-leistungen-2\/","title":{"rendered":"Our focus"},"content":{"rendered":"<h1 class=\"has-text-align-center wp-block-heading\" style=\"font-size:25px\"><strong><span class=\"has-inline-color has-black-color\">With us, the customer is king!<\/span><\/strong><\/h1>\n\n\n\n<p class=\"has-text-align-center has-black-color has-text-color translation-block\">We are always there for you - it does not matter to us whether before or after the purchase!\n<br>If you have any questions or problems, our employees are always at your disposal with their full competence!\n<br>We support you in every possible area: no matter whether information gathering, updating or upgrading of software and hardware or of course with the complete configuration and setup of all relevant parts - we are there for you! <br> We can do that Ensure the success of your company.<\/p>\n\n\n\n<p class=\"has-text-align-center has-black-color has-text-color\"><strong>We are only done with our work when you are satisfied!<\/strong><\/p>","protected":false},"excerpt":{"rendered":"<p>Bei uns ist der Kunde K\u00f6nig! Wir sind immer f\u00fcr Sie da \u2013 dabei spielt es f\u00fcr uns keine Rolle, ob vor oder nach dem Kauf!Wenn Sie Fragen oder Probleme haben, stehen Ihnen unsere Mitarbeiter immer mit der vollen Kompetenz zur Verf\u00fcgung! Wir unterst\u00fctzen Sie in jedem uns m\u00f6glichen Bereich: [&hellip;]<\/p>","protected":false},"author":2,"featured_media":0,"parent":0,"menu_order":0,"comment_status":"closed","ping_status":"closed","template":"","meta":{"_eb_attr":"","_monsterinsights_skip_tracking":false,"_monsterinsights_sitenote_active":false,"_monsterinsights_sitenote_note":"","_monsterinsights_sitenote_category":0,"footnotes":""},"class_list":["post-4925","page","type-page","status-publish","hentry"],"yoast_head":"<!-- This site is optimized with the Yoast SEO plugin v26.8 - https:\/\/yoast.com\/product\/yoast-seo-wordpress\/ -->\n<title>Unsere Leistungen - INTEC International GmbH<\/title>\n<meta name=\"robots\" content=\"index, follow, max-snippet:-1, max-image-preview:large, max-video-preview:-1\" \/>\n<link rel=\"canonical\" href=\"https:\/\/www.intec-international.com\/en\/unsere-leistungen-2\/\" \/>\n<meta property=\"og:locale\" content=\"en_GB\" \/>\n<meta property=\"og:type\" content=\"article\" \/>\n<meta property=\"og:title\" content=\"Unsere Leistungen - INTEC International GmbH\" \/>\n<meta property=\"og:description\" content=\"Bei uns ist der Kunde K\u00f6nig! Wir sind immer f\u00fcr Sie da \u2013 dabei spielt es f\u00fcr uns keine Rolle, ob vor oder nach dem Kauf!Wenn Sie Fragen oder Probleme haben, stehen Ihnen unsere Mitarbeiter immer mit der vollen Kompetenz zur Verf\u00fcgung! Wir unterst\u00fctzen Sie in jedem uns m\u00f6glichen Bereich: [&hellip;]\" \/>\n<meta property=\"og:url\" content=\"https:\/\/www.intec-international.com\/en\/unsere-leistungen-2\/\" \/>\n<meta property=\"og:site_name\" content=\"INTEC International GmbH\" \/>\n<meta property=\"article:modified_time\" content=\"2021-10-06T12:04:27+00:00\" \/>\n<meta name=\"twitter:card\" content=\"summary_large_image\" \/>\n<meta name=\"twitter:label1\" content=\"Estimated reading time\" \/>\n\t<meta name=\"twitter:data1\" content=\"1 minute\" \/>\n<!-- \/ Yoast SEO plugin. -->","yoast_head_json":{"title":"Unsere Leistungen - INTEC International GmbH","robots":{"index":"index","follow":"follow","max-snippet":"max-snippet:-1","max-image-preview":"max-image-preview:large","max-video-preview":"max-video-preview:-1"},"canonical":"https:\/\/www.intec-international.com\/en\/unsere-leistungen-2\/","og_locale":"en_GB","og_type":"article","og_title":"Unsere Leistungen - INTEC International GmbH","og_description":"Bei uns ist der Kunde K\u00f6nig! Wir sind immer f\u00fcr Sie da \u2013 dabei spielt es f\u00fcr uns keine Rolle, ob vor oder nach dem Kauf!Wenn Sie Fragen oder Probleme haben, stehen Ihnen unsere Mitarbeiter immer mit der vollen Kompetenz zur Verf\u00fcgung! Wir unterst\u00fctzen Sie in jedem uns m\u00f6glichen Bereich: [&hellip;]","og_url":"https:\/\/www.intec-international.com\/en\/unsere-leistungen-2\/","og_site_name":"INTEC International GmbH","article_modified_time":"2021-10-06T12:04:27+00:00","twitter_card":"summary_large_image","twitter_misc":{"Estimated reading time":"1 minute"},"schema":{"@context":"https:\/\/schema.org","@graph":[{"@type":"WebPage","@id":"https:\/\/www.intec-international.com\/unsere-leistungen-2\/","url":"https:\/\/www.intec-international.com\/unsere-leistungen-2\/","name":"Unsere Leistungen - INTEC International GmbH","isPartOf":{"@id":"https:\/\/www.intec-international.com\/#website"},"datePublished":"2020-05-29T12:45:39+00:00","dateModified":"2021-10-06T12:04:27+00:00","breadcrumb":{"@id":"https:\/\/www.intec-international.com\/unsere-leistungen-2\/#breadcrumb"},"inLanguage":"en-GB","potentialAction":[{"@type":"ReadAction","target":["https:\/\/www.intec-international.com\/unsere-leistungen-2\/"]}]},{"@type":"BreadcrumbList","@id":"https:\/\/www.intec-international.com\/unsere-leistungen-2\/#breadcrumb","itemListElement":[{"@type":"ListItem","position":1,"name":"Startseite","item":"https:\/\/www.intec-international.com\/"},{"@type":"ListItem","position":2,"name":"Unsere Leistungen"}]},{"@type":"WebSite","@id":"https:\/\/www.intec-international.com\/#website","url":"https:\/\/www.intec-international.com\/","name":"INTEC International GmbH","description":"MDE &amp; Remote Service - Digitalisierung der Produktion - INTEC","publisher":{"@id":"https:\/\/www.intec-international.com\/#organization"},"potentialAction":[{"@type":"SearchAction","target":{"@type":"EntryPoint","urlTemplate":"https:\/\/www.intec-international.com\/?s={search_term_string}"},"query-input":{"@type":"PropertyValueSpecification","valueRequired":true,"valueName":"search_term_string"}}],"inLanguage":"en-GB"},{"@type":"Organization","@id":"https:\/\/www.intec-international.com\/#organization","name":"INTEC International GmbH","url":"https:\/\/www.intec-international.com\/","logo":{"@type":"ImageObject","inLanguage":"en-GB","@id":"https:\/\/www.intec-international.com\/#\/schema\/logo\/image\/","url":"https:\/\/www.intec-international.com\/wp-content\/uploads\/2020\/10\/cropped-INTEC-ohne-Hintergrund.gif","contentUrl":"https:\/\/www.intec-international.com\/wp-content\/uploads\/2020\/10\/cropped-INTEC-ohne-Hintergrund.gif","width":574,"height":369,"caption":"INTEC International GmbH"},"image":{"@id":"https:\/\/www.intec-international.com\/#\/schema\/logo\/image\/"}}]}},"_links":{"self":[{"href":"https:\/\/www.intec-international.com\/en\/wp-json\/wp\/v2\/pages\/4925","targetHints":{"allow":["GET"]}}],"collection":[{"href":"https:\/\/www.intec-international.com\/en\/wp-json\/wp\/v2\/pages"}],"about":[{"href":"https:\/\/www.intec-international.com\/en\/wp-json\/wp\/v2\/types\/page"}],"author":[{"embeddable":true,"href":"https:\/\/www.intec-international.com\/en\/wp-json\/wp\/v2\/users\/2"}],"replies":[{"embeddable":true,"href":"https:\/\/www.intec-international.com\/en\/wp-json\/wp\/v2\/comments?post=4925"}],"version-history":[{"count":11,"href":"https:\/\/www.intec-international.com\/en\/wp-json\/wp\/v2\/pages\/4925\/revisions"}],"predecessor-version":[{"id":7764,"href":"https:\/\/www.intec-international.com\/en\/wp-json\/wp\/v2\/pages\/4925\/revisions\/7764"}],"wp:attachment":[{"href":"https:\/\/www.intec-international.com\/en\/wp-json\/wp\/v2\/media?parent=4925"}],"curies":[{"name":"wp","href":"https:\/\/api.w.org\/{rel}","templated":true}]}}