{"id":4703,"date":"2020-05-25T14:51:52","date_gmt":"2020-05-25T12:51:52","guid":{"rendered":"http:\/\/192.168.50.201\/?page_id=4703"},"modified":"2024-04-09T08:30:32","modified_gmt":"2024-04-09T06:30:32","slug":"industriepc","status":"publish","type":"page","link":"https:\/\/www.intec-international.com\/en\/industriepc\/","title":{"rendered":"MEP\u00aeSmartDevice"},"content":{"rendered":"<div class=\"wp-block-image is-style-default\">\n<figure class=\"aligncenter size-full\"><img loading=\"lazy\" decoding=\"async\" width=\"6000\" height=\"2539\" src=\"http:\/\/www.intec-international.com\/wp-content\/uploads\/2021\/10\/MEP\u00aeSmartDevice-Industrie-PC-Hardware.png\" alt=\"\" class=\"wp-image-7681\" srcset=\"https:\/\/www.intec-international.com\/wp-content\/uploads\/2021\/10\/MEP\u00aeSmartDevice-Industrie-PC-Hardware.png 6000w, https:\/\/www.intec-international.com\/wp-content\/uploads\/2021\/10\/MEP\u00aeSmartDevice-Industrie-PC-Hardware-300x127.png 300w, https:\/\/www.intec-international.com\/wp-content\/uploads\/2021\/10\/MEP\u00aeSmartDevice-Industrie-PC-Hardware-768x325.png 768w, https:\/\/www.intec-international.com\/wp-content\/uploads\/2021\/10\/MEP\u00aeSmartDevice-Industrie-PC-Hardware-1536x650.png 1536w, https:\/\/www.intec-international.com\/wp-content\/uploads\/2021\/10\/MEP\u00aeSmartDevice-Industrie-PC-Hardware-2048x867.png 2048w\" sizes=\"auto, (max-width: 6000px) 100vw, 6000px\" \/><\/figure><\/div>\n\n\n<div style=\"height:44px\" aria-hidden=\"true\" class=\"wp-block-spacer\"><\/div>\n\n\n\n<h1 class=\"wp-block-heading has-text-align-left\" style=\"font-size:25px\"><strong>Your universal solution to read and send machine data. (Translation is following, sorry! If you want some informations in advance, please feel free to contact us!)<\/strong><\/h1>\n\n\n\n<div style=\"height:46px\" aria-hidden=\"true\" class=\"wp-block-spacer\"><\/div>\n\n\n\n<p>Aufgrund der heterogenen Vielfalt von Maschinen in bestehenden Produktionsanlagen sind MEP\u00aeSmartDevices notwendig, um eine technische Anbindung an die einzelnen Maschinen zu realisieren. <br>Unser MEP\u00aeSmartDevice ist ein leistungsstarker, kompakter und moderner Embedded-Industrie-PC und stellt die Basis-Hardware f\u00fcr unsere beiden Softwareprodukte dar. Es ist&nbsp;universell an jeder&nbsp;Maschine einsetzbar, unabh\u00e4ngig von Gr\u00f6\u00dfe oder Alter. Zus\u00e4tzlich bieten wir Ihnen \u00fcber zus\u00e4tzliche Hardwaremodule die Erweiterung um diverse, individuelle Schnittstellen an.<\/p>\n\n\n\n<p>In Kombination mit unserer Software <a href=\"http:\/\/www.intec-international.com\/en\/sicherer-remote-service\/\" data-type=\"URL\" data-id=\"http:\/\/www.intec-international.com\/sicherer-remote-service\/\">MEP\u00aeManager<\/a>&nbsp;erlaubt das MEP\u00aeSmartDevice Fernzugriffe auf Maschinen, Steuerungen und Anlagen, wodurch direkte \u00c4nderungen der Einstellungen an eben diesen get\u00e4tigt werden k\u00f6nnen.<\/p>\n\n\n\n<p>In Kombination mit dem&nbsp;<a href=\"http:\/\/www.intec-international.com\/en\/maschinendatenerfassung\/\" data-type=\"URL\" data-id=\"http:\/\/www.intec-international.com\/maschinendatenerfassung\/\">MEP\u00aeDataRecorder<\/a>&nbsp;liefert Ihnen das MEP\u00aeSmartDevice eine standardisierte Erfassung und Aufbereitung der Betriebsdaten von Maschinen und Anlagen, wodurch nackte Daten in wertvolle Informationen transformiert werden.<\/p>\n\n\n\n<p>Im folgenden Abschnitt haben wir f\u00fcr Sie die technischen Daten unserer Basis-Hardware zusammengefasst. Bei Bedarf k\u00f6nnen au\u00dferdem technische \u00c4nderungen spezifisch f\u00fcr Sie vorgenommen werden.<br>Bei speziellen Anforderungen bieten wir Ihnen gerne auch angepasste Hardware in Form von <a href=\"https:\/\/www.intec-international.com\/en\/industrie-pc-tank\/\" target=\"_blank\" rel=\"noreferrer noopener\">noch leistungsst\u00e4rkeren Industrie-PCs mit Windows als OS<\/a> an.<\/p>\n\n\n\n<p>Auf Wunsch liefern wir Ihnen unser MEP\u00aeSmartDevice nat\u00fcrlich auch in Ihrem eigenen Branding!<br><br>Sie finden weitere Informationen auch in unserem\u00a0<a href=\"https:\/\/www.intec-international.com\/en\/download\/\">Downloadbereich<\/a>!<\/p>\n\n\n\n<figure class=\"wp-block-image alignwide size-full\"><img loading=\"lazy\" decoding=\"async\" width=\"1280\" height=\"720\" src=\"http:\/\/www.intec-international.com\/wp-content\/uploads\/2021\/10\/MEP\u00aeSmartDevice-Industrie-PC-Hardware-Technische-Daten.png\" alt=\"Technische Daten Industrie PC\" class=\"wp-image-7678\" srcset=\"https:\/\/www.intec-international.com\/wp-content\/uploads\/2021\/10\/MEP\u00aeSmartDevice-Industrie-PC-Hardware-Technische-Daten.png 1280w, https:\/\/www.intec-international.com\/wp-content\/uploads\/2021\/10\/MEP\u00aeSmartDevice-Industrie-PC-Hardware-Technische-Daten-300x169.png 300w, https:\/\/www.intec-international.com\/wp-content\/uploads\/2021\/10\/MEP\u00aeSmartDevice-Industrie-PC-Hardware-Technische-Daten-768x432.png 768w\" sizes=\"auto, (max-width: 1280px) 100vw, 1280px\" \/><\/figure>\n\n\n\n<div class=\"wp-block-buttons is-horizontal is-content-justification-center is-layout-flex wp-container-core-buttons-is-layout-03627597 wp-block-buttons-is-layout-flex\">\n<div class=\"wp-block-button has-custom-font-size is-style-outline has-normal-font-size is-style-outline--1\"><a class=\"wp-block-button__link has-accent-color has-text-color wp-element-button\" href=\"tel:+497477918940\">Call now!<\/a><\/div>\n\n\n\n<div class=\"wp-block-button has-custom-font-size is-style-outline has-normal-font-size is-style-outline--2\"><a class=\"wp-block-button__link has-accent-color has-text-color wp-element-button\" href=\"mailto:kontakt@intec-international.com\">Write now!<\/a><\/div>\n<\/div>\n\n\n\n<p><\/p>","protected":false},"excerpt":{"rendered":"<p>Universelle Basis-Hardware f\u00fcr die individuelle Anbindung an Maschinen Aufgrund der heterogenen Vielfalt von Maschinen in bestehenden Produktionsanlagen sind MEP\u00aeSmartDevices notwendig, um eine technische Anbindung an die einzelnen Maschinen zu realisieren. Unser MEP\u00aeSmartDevice ist ein leistungsstarker, kompakter und moderner Embedded-Industrie-PC und stellt die Basis-Hardware f\u00fcr unsere beiden Softwareprodukte dar. Es ist&nbsp;universell [&hellip;]<\/p>","protected":false},"author":2,"featured_media":0,"parent":0,"menu_order":0,"comment_status":"closed","ping_status":"closed","template":"","meta":{"_eb_attr":"","_monsterinsights_skip_tracking":false,"_monsterinsights_sitenote_active":false,"_monsterinsights_sitenote_note":"","_monsterinsights_sitenote_category":0,"footnotes":""},"class_list":["post-4703","page","type-page","status-publish","hentry"],"yoast_head":"<!-- This site is optimized with the Yoast SEO plugin v26.8 - https:\/\/yoast.com\/product\/yoast-seo-wordpress\/ -->\n<title>MEP\u00aeSmartDevice - Der Embedded PC im Industrie-Standard<\/title>\n<meta name=\"description\" content=\"Das MEP\u00aeSmartDevice ist ein kleiner, aber sehr robuster und Leistungsf\u00e4higer IPC speziell f\u00fcr den dauerhaften Einsatz im Schaltschrank.\" \/>\n<meta name=\"robots\" content=\"index, follow, max-snippet:-1, max-image-preview:large, max-video-preview:-1\" \/>\n<link rel=\"canonical\" href=\"https:\/\/www.intec-international.com\/en\/industriepc\/\" \/>\n<meta property=\"og:locale\" content=\"en_GB\" \/>\n<meta property=\"og:type\" content=\"article\" \/>\n<meta property=\"og:title\" content=\"MEP\u00aeSmartDevice - Der Embedded PC im Industrie-Standard\" \/>\n<meta property=\"og:description\" content=\"Das MEP\u00aeSmartDevice ist ein kleiner, aber sehr robuster und Leistungsf\u00e4higer IPC speziell f\u00fcr den dauerhaften Einsatz im Schaltschrank.\" \/>\n<meta property=\"og:url\" content=\"https:\/\/www.intec-international.com\/en\/industriepc\/\" \/>\n<meta property=\"og:site_name\" content=\"INTEC International GmbH\" \/>\n<meta property=\"article:modified_time\" content=\"2024-04-09T06:30:32+00:00\" \/>\n<meta name=\"twitter:card\" content=\"summary_large_image\" \/>\n<meta name=\"twitter:label1\" content=\"Estimated reading time\" \/>\n\t<meta name=\"twitter:data1\" content=\"2 minutes\" \/>\n<!-- \/ Yoast SEO plugin. -->","yoast_head_json":{"title":"MEP\u00aeSmartDevice - Der Embedded PC im Industrie-Standard","description":"Das MEP\u00aeSmartDevice ist ein kleiner, aber sehr robuster und Leistungsf\u00e4higer IPC speziell f\u00fcr den dauerhaften Einsatz im Schaltschrank.","robots":{"index":"index","follow":"follow","max-snippet":"max-snippet:-1","max-image-preview":"max-image-preview:large","max-video-preview":"max-video-preview:-1"},"canonical":"https:\/\/www.intec-international.com\/en\/industriepc\/","og_locale":"en_GB","og_type":"article","og_title":"MEP\u00aeSmartDevice - Der Embedded PC im Industrie-Standard","og_description":"Das MEP\u00aeSmartDevice ist ein kleiner, aber sehr robuster und Leistungsf\u00e4higer IPC speziell f\u00fcr den dauerhaften Einsatz im Schaltschrank.","og_url":"https:\/\/www.intec-international.com\/en\/industriepc\/","og_site_name":"INTEC International GmbH","article_modified_time":"2024-04-09T06:30:32+00:00","twitter_card":"summary_large_image","twitter_misc":{"Estimated reading time":"2 minutes"},"schema":{"@context":"https:\/\/schema.org","@graph":[{"@type":"WebPage","@id":"https:\/\/www.intec-international.com\/industriepc\/","url":"https:\/\/www.intec-international.com\/industriepc\/","name":"MEP\u00aeSmartDevice - Der Embedded PC im Industrie-Standard","isPartOf":{"@id":"https:\/\/www.intec-international.com\/#website"},"datePublished":"2020-05-25T12:51:52+00:00","dateModified":"2024-04-09T06:30:32+00:00","description":"Das MEP\u00aeSmartDevice ist ein kleiner, aber sehr robuster und Leistungsf\u00e4higer IPC speziell f\u00fcr den dauerhaften Einsatz im Schaltschrank.","breadcrumb":{"@id":"https:\/\/www.intec-international.com\/industriepc\/#breadcrumb"},"inLanguage":"en-GB","potentialAction":[{"@type":"ReadAction","target":["https:\/\/www.intec-international.com\/industriepc\/"]}]},{"@type":"BreadcrumbList","@id":"https:\/\/www.intec-international.com\/industriepc\/#breadcrumb","itemListElement":[{"@type":"ListItem","position":1,"name":"Startseite","item":"https:\/\/www.intec-international.com\/"},{"@type":"ListItem","position":2,"name":"MEP\u00aeSmartDevice"}]},{"@type":"WebSite","@id":"https:\/\/www.intec-international.com\/#website","url":"https:\/\/www.intec-international.com\/","name":"INTEC International GmbH","description":"MDE &amp; Remote Service - Digitalisierung der Produktion - INTEC","publisher":{"@id":"https:\/\/www.intec-international.com\/#organization"},"potentialAction":[{"@type":"SearchAction","target":{"@type":"EntryPoint","urlTemplate":"https:\/\/www.intec-international.com\/?s={search_term_string}"},"query-input":{"@type":"PropertyValueSpecification","valueRequired":true,"valueName":"search_term_string"}}],"inLanguage":"en-GB"},{"@type":"Organization","@id":"https:\/\/www.intec-international.com\/#organization","name":"INTEC International GmbH","url":"https:\/\/www.intec-international.com\/","logo":{"@type":"ImageObject","inLanguage":"en-GB","@id":"https:\/\/www.intec-international.com\/#\/schema\/logo\/image\/","url":"https:\/\/www.intec-international.com\/wp-content\/uploads\/2020\/10\/cropped-INTEC-ohne-Hintergrund.gif","contentUrl":"https:\/\/www.intec-international.com\/wp-content\/uploads\/2020\/10\/cropped-INTEC-ohne-Hintergrund.gif","width":574,"height":369,"caption":"INTEC International GmbH"},"image":{"@id":"https:\/\/www.intec-international.com\/#\/schema\/logo\/image\/"}}]}},"_links":{"self":[{"href":"https:\/\/www.intec-international.com\/en\/wp-json\/wp\/v2\/pages\/4703","targetHints":{"allow":["GET"]}}],"collection":[{"href":"https:\/\/www.intec-international.com\/en\/wp-json\/wp\/v2\/pages"}],"about":[{"href":"https:\/\/www.intec-international.com\/en\/wp-json\/wp\/v2\/types\/page"}],"author":[{"embeddable":true,"href":"https:\/\/www.intec-international.com\/en\/wp-json\/wp\/v2\/users\/2"}],"replies":[{"embeddable":true,"href":"https:\/\/www.intec-international.com\/en\/wp-json\/wp\/v2\/comments?post=4703"}],"version-history":[{"count":33,"href":"https:\/\/www.intec-international.com\/en\/wp-json\/wp\/v2\/pages\/4703\/revisions"}],"predecessor-version":[{"id":8274,"href":"https:\/\/www.intec-international.com\/en\/wp-json\/wp\/v2\/pages\/4703\/revisions\/8274"}],"wp:attachment":[{"href":"https:\/\/www.intec-international.com\/en\/wp-json\/wp\/v2\/media?parent=4703"}],"curies":[{"name":"wp","href":"https:\/\/api.w.org\/{rel}","templated":true}]}}