{"id":4541,"date":"2020-05-25T15:08:07","date_gmt":"2020-05-25T13:08:07","guid":{"rendered":"http:\/\/192.168.50.201\/?page_id=4541"},"modified":"2025-12-01T13:05:02","modified_gmt":"2025-12-01T12:05:02","slug":"anfahrt","status":"publish","type":"page","link":"https:\/\/www.intec-international.com\/en\/anfahrt\/","title":{"rendered":"We are looking forward to your visit!"},"content":{"rendered":"<div class=\"wp-block-group alignwide\"><div class=\"wp-block-group__inner-container is-layout-flow wp-block-group-is-layout-flow\">\n<div class=\"wp-block-columns is-layout-flex wp-container-core-columns-is-layout-28f84493 wp-block-columns-is-layout-flex\">\n<div class=\"wp-block-column is-layout-flow wp-block-column-is-layout-flow\" style=\"flex-basis:100%\">\n<div class=\"wp-block-group\"><div class=\"wp-block-group__inner-container is-layout-flow wp-block-group-is-layout-flow\">\n<div class=\"wp-block-columns is-layout-flex wp-container-core-columns-is-layout-28f84493 wp-block-columns-is-layout-flex\">\n<div class=\"wp-block-column is-layout-flow wp-block-column-is-layout-flow\" style=\"flex-basis:100%\">\n<div class=\"wp-block-group alignwide\"><div class=\"wp-block-group__inner-container is-layout-flow wp-block-group-is-layout-flow\">\n<div class=\"wp-block-group has-secondary-color has-text-color\"><div class=\"wp-block-group__inner-container is-layout-flow wp-block-group-is-layout-flow\"><\/div><\/div>\n<\/div><\/div>\n<\/div>\n<\/div>\n<\/div><\/div>\n<\/div>\n<\/div>\n<\/div><\/div>\n\n\n\n<div class=\"wp-block-media-text alignwide has-media-on-the-right is-stacked-on-mobile\"><div class=\"wp-block-media-text__content\">\n<p class=\"has-black-color has-text-color\">Gerne k\u00f6nnen Sie uns t\u00e4glich von Montag bis Freitag, 8:00 Uhr bis 15:00 Uhr besuchen!<br><br>Killertalstra\u00dfe 4&nbsp; &nbsp;<br>72379 Hechingen &nbsp; &nbsp; &nbsp; &nbsp;<br>Baden-W\u00fcrttemberg&nbsp; &nbsp; &nbsp; &nbsp; &nbsp;<br>Deutschland&nbsp; &nbsp; &nbsp; &nbsp; &nbsp; &nbsp; &nbsp;<\/p>\n\n\n\n<p class=\"has-black-color has-text-color\">Telefon: +49 7477 91894-0<br>Mail:\u00a0\u00a0kontakt[at]intec-international.com<br><br><\/p>\n<\/div><figure class=\"wp-block-media-text__media\"><img loading=\"lazy\" decoding=\"async\" width=\"1024\" height=\"683\" src=\"https:\/\/www.intec-international.com\/wp-content\/uploads\/2021\/01\/INTEC-von-oben-1.jpg\" alt=\"\" class=\"wp-image-6416 size-full\" srcset=\"https:\/\/www.intec-international.com\/wp-content\/uploads\/2021\/01\/INTEC-von-oben-1.jpg 1024w, https:\/\/www.intec-international.com\/wp-content\/uploads\/2021\/01\/INTEC-von-oben-1-300x200.jpg 300w, https:\/\/www.intec-international.com\/wp-content\/uploads\/2021\/01\/INTEC-von-oben-1-768x512.jpg 768w, https:\/\/www.intec-international.com\/wp-content\/uploads\/2021\/01\/INTEC-von-oben-1-360x240.jpg 360w\" sizes=\"auto, (max-width: 1024px) 100vw, 1024px\" \/><\/figure><\/div>\n\n\n\n<div style=\"height:44px\" aria-hidden=\"true\" class=\"wp-block-spacer\"><\/div>\n\n\n\n<p class=\"has-black-color has-text-color\"><\/p>\n\n\n\n<div style=\"height:46px\" aria-hidden=\"true\" class=\"wp-block-spacer\"><\/div>\n\n\n\n<p><\/p>\n\n\n\n<div class=\"wp-block-group\"><div class=\"wp-block-group__inner-container is-layout-flow wp-block-group-is-layout-flow\">\n <div class=\"brlbs-cmpnt-container brlbs-cmpnt-content-blocker brlbs-cmpnt-with-individual-styles\" data-borlabs-cookie-content-blocker-id=\"google-maps\" data-borlabs-cookie-content=\"PGlmcmFtZSBzcmM9Imh0dHBzOi8vd3d3Lmdvb2dsZS5jb20vbWFwcy9lbWJlZD9wYj0hMW0xOCExbTEyITFtMyExZDI2NTEuODM5ODAxOTcwMzY4NiEyZDkuMDIzNzkwNTUxNTYyNzgzITNkNDguMzQ0Mzg0NDQ0NjEwODkhMm0zITFmMCEyZjAhM2YwITNtMiExaTEwMjQhMmk3NjghNGYxMy4xITNtMyExbTIhMXMweDQ3OWEwMmM3NjQyOTRiZTclM0EweDg1OGMyZWJlNGFlY2U1MSEyc0ludGVjJTIwSW50ZXJuYXRpb25hbCUyMEdtYkghNWUwITNtMiExc2RlITJzZGUhNHYxNTkwNzQyODQwOTkzITVtMiExc2RlITJzZGUiIHdpZHRoPSIxMDAwIiBoZWlnaHQ9IjQ1MCIgZnJhbWVib3JkZXI9IjAiIHN0eWxlPSJib3JkZXI6MDsiIGFsbG93ZnVsbHNjcmVlbj0iIiBhcmlhLWhpZGRlbj0iZmFsc2UiIHRhYmluZGV4PSIwIj48L2lmcmFtZT4=\"><div class=\"brlbs-cmpnt-cb-preset-b brlbs-cmpnt-cb-google-maps\"> <div class=\"brlbs-cmpnt-cb-thumbnail\" style=\"background-image: url('https:\/\/www.intec-international.com\/wp-content\/uploads\/borlabs-cookie\/1\/brlbs-cb-google-maps-main.png')\"><\/div> <div class=\"brlbs-cmpnt-cb-main\"> <div class=\"brlbs-cmpnt-cb-content\"> <p class=\"brlbs-cmpnt-cb-description\">You are currently viewing a placeholder content from <strong>Google Maps<\/strong>. To access the actual content, click the button below. Please note that doing so will share data with third-party providers.<\/p> <a class=\"brlbs-cmpnt-cb-provider-toggle\" href=\"#\" data-borlabs-cookie-show-provider-information role=\"button\">More Information<\/a> <\/div> <div class=\"brlbs-cmpnt-cb-buttons\"> <a class=\"brlbs-cmpnt-cb-btn\" href=\"#\" data-borlabs-cookie-unblock role=\"button\">Unblock content<\/a> <a class=\"brlbs-cmpnt-cb-btn\" href=\"#\" data-borlabs-cookie-accept-service role=\"button\" style=\"display: inherit\">Accept required service and unblock content<\/a> <\/div> <\/div> <\/div><\/div>\n<\/div><\/div>\n\n\n\n<div style=\"height:100px\" aria-hidden=\"true\" class=\"wp-block-spacer\"><\/div>\n\n\n\n<p><\/p>","protected":false},"excerpt":{"rendered":"<p>Gerne k\u00f6nnen Sie uns t\u00e4glich von Montag bis Freitag, 8:00 Uhr bis 15:00 Uhr besuchen! Killertalstra\u00dfe 4&nbsp; &nbsp;72379 Hechingen &nbsp; &nbsp; &nbsp; &nbsp;Baden-W\u00fcrttemberg&nbsp; &nbsp; &nbsp; &nbsp; &nbsp;Deutschland&nbsp; &nbsp; &nbsp; &nbsp; &nbsp; &nbsp; &nbsp; Telefon: +49 7477 91894-0Mail:\u00a0\u00a0kontakt[at]intec-international.com You are currently viewing a placeholder content from Google Maps. To access the [&hellip;]<\/p>","protected":false},"author":2,"featured_media":0,"parent":0,"menu_order":0,"comment_status":"closed","ping_status":"closed","template":"","meta":{"_eb_attr":"","_monsterinsights_skip_tracking":false,"_monsterinsights_sitenote_active":false,"_monsterinsights_sitenote_note":"","_monsterinsights_sitenote_category":0,"footnotes":""},"class_list":["post-4541","page","type-page","status-publish","hentry"],"yoast_head":"<!-- This site is optimized with the Yoast SEO plugin v26.8 - https:\/\/yoast.com\/product\/yoast-seo-wordpress\/ -->\n<title>Wir freuen uns auf Ihren Besuch! - INTEC International GmbH<\/title>\n<meta name=\"robots\" content=\"index, follow, max-snippet:-1, max-image-preview:large, max-video-preview:-1\" \/>\n<link rel=\"canonical\" href=\"https:\/\/www.intec-international.com\/en\/anfahrt\/\" \/>\n<meta property=\"og:locale\" content=\"en_GB\" \/>\n<meta property=\"og:type\" content=\"article\" \/>\n<meta property=\"og:title\" content=\"Wir freuen uns auf Ihren Besuch! - INTEC International GmbH\" \/>\n<meta property=\"og:description\" content=\"Gerne k\u00f6nnen Sie uns t\u00e4glich von Montag bis Freitag, 8:00 Uhr bis 15:00 Uhr besuchen! Killertalstra\u00dfe 4&nbsp; &nbsp;72379 Hechingen &nbsp; &nbsp; &nbsp; &nbsp;Baden-W\u00fcrttemberg&nbsp; &nbsp; &nbsp; &nbsp; &nbsp;Deutschland&nbsp; &nbsp; &nbsp; &nbsp; &nbsp; &nbsp; &nbsp; Telefon: +49 7477 91894-0Mail:\u00a0\u00a0kontakt[at]intec-international.com You are currently viewing a placeholder content from Google Maps. To access the [&hellip;]\" \/>\n<meta property=\"og:url\" content=\"https:\/\/www.intec-international.com\/en\/anfahrt\/\" \/>\n<meta property=\"og:site_name\" content=\"INTEC International GmbH\" \/>\n<meta property=\"article:modified_time\" content=\"2025-12-01T12:05:02+00:00\" \/>\n<meta property=\"og:image\" content=\"https:\/\/www.intec-international.com\/wp-content\/uploads\/2021\/01\/INTEC-von-oben-1.jpg\" \/>\n\t<meta property=\"og:image:width\" content=\"1024\" \/>\n\t<meta property=\"og:image:height\" content=\"683\" \/>\n\t<meta property=\"og:image:type\" content=\"image\/jpeg\" \/>\n<meta name=\"twitter:card\" content=\"summary_large_image\" \/>\n<meta name=\"twitter:label1\" content=\"Estimated reading time\" \/>\n\t<meta name=\"twitter:data1\" content=\"1 minute\" \/>\n<!-- \/ Yoast SEO plugin. -->","yoast_head_json":{"title":"Wir freuen uns auf Ihren Besuch! - INTEC International GmbH","robots":{"index":"index","follow":"follow","max-snippet":"max-snippet:-1","max-image-preview":"max-image-preview:large","max-video-preview":"max-video-preview:-1"},"canonical":"https:\/\/www.intec-international.com\/en\/anfahrt\/","og_locale":"en_GB","og_type":"article","og_title":"Wir freuen uns auf Ihren Besuch! - INTEC International GmbH","og_description":"Gerne k\u00f6nnen Sie uns t\u00e4glich von Montag bis Freitag, 8:00 Uhr bis 15:00 Uhr besuchen! Killertalstra\u00dfe 4&nbsp; &nbsp;72379 Hechingen &nbsp; &nbsp; &nbsp; &nbsp;Baden-W\u00fcrttemberg&nbsp; &nbsp; &nbsp; &nbsp; &nbsp;Deutschland&nbsp; &nbsp; &nbsp; &nbsp; &nbsp; &nbsp; &nbsp; Telefon: +49 7477 91894-0Mail:\u00a0\u00a0kontakt[at]intec-international.com You are currently viewing a placeholder content from Google Maps. To access the [&hellip;]","og_url":"https:\/\/www.intec-international.com\/en\/anfahrt\/","og_site_name":"INTEC International GmbH","article_modified_time":"2025-12-01T12:05:02+00:00","og_image":[{"width":1024,"height":683,"url":"https:\/\/www.intec-international.com\/wp-content\/uploads\/2021\/01\/INTEC-von-oben-1.jpg","type":"image\/jpeg"}],"twitter_card":"summary_large_image","twitter_misc":{"Estimated reading time":"1 minute"},"schema":{"@context":"https:\/\/schema.org","@graph":[{"@type":"WebPage","@id":"https:\/\/www.intec-international.com\/anfahrt\/","url":"https:\/\/www.intec-international.com\/anfahrt\/","name":"Wir freuen uns auf Ihren Besuch! - INTEC International GmbH","isPartOf":{"@id":"https:\/\/www.intec-international.com\/#website"},"primaryImageOfPage":{"@id":"https:\/\/www.intec-international.com\/anfahrt\/#primaryimage"},"image":{"@id":"https:\/\/www.intec-international.com\/anfahrt\/#primaryimage"},"thumbnailUrl":"https:\/\/www.intec-international.com\/wp-content\/uploads\/2021\/01\/INTEC-von-oben-1.jpg","datePublished":"2020-05-25T13:08:07+00:00","dateModified":"2025-12-01T12:05:02+00:00","breadcrumb":{"@id":"https:\/\/www.intec-international.com\/anfahrt\/#breadcrumb"},"inLanguage":"en-GB","potentialAction":[{"@type":"ReadAction","target":["https:\/\/www.intec-international.com\/anfahrt\/"]}]},{"@type":"ImageObject","inLanguage":"en-GB","@id":"https:\/\/www.intec-international.com\/anfahrt\/#primaryimage","url":"https:\/\/www.intec-international.com\/wp-content\/uploads\/2021\/01\/INTEC-von-oben-1.jpg","contentUrl":"https:\/\/www.intec-international.com\/wp-content\/uploads\/2021\/01\/INTEC-von-oben-1.jpg"},{"@type":"BreadcrumbList","@id":"https:\/\/www.intec-international.com\/anfahrt\/#breadcrumb","itemListElement":[{"@type":"ListItem","position":1,"name":"Startseite","item":"https:\/\/www.intec-international.com\/"},{"@type":"ListItem","position":2,"name":"Wir freuen uns auf Ihren Besuch!"}]},{"@type":"WebSite","@id":"https:\/\/www.intec-international.com\/#website","url":"https:\/\/www.intec-international.com\/","name":"INTEC International GmbH","description":"MDE &amp; Remote Service - Digitalisierung der Produktion - INTEC","publisher":{"@id":"https:\/\/www.intec-international.com\/#organization"},"potentialAction":[{"@type":"SearchAction","target":{"@type":"EntryPoint","urlTemplate":"https:\/\/www.intec-international.com\/?s={search_term_string}"},"query-input":{"@type":"PropertyValueSpecification","valueRequired":true,"valueName":"search_term_string"}}],"inLanguage":"en-GB"},{"@type":"Organization","@id":"https:\/\/www.intec-international.com\/#organization","name":"INTEC International GmbH","url":"https:\/\/www.intec-international.com\/","logo":{"@type":"ImageObject","inLanguage":"en-GB","@id":"https:\/\/www.intec-international.com\/#\/schema\/logo\/image\/","url":"https:\/\/www.intec-international.com\/wp-content\/uploads\/2020\/10\/cropped-INTEC-ohne-Hintergrund.gif","contentUrl":"https:\/\/www.intec-international.com\/wp-content\/uploads\/2020\/10\/cropped-INTEC-ohne-Hintergrund.gif","width":574,"height":369,"caption":"INTEC International GmbH"},"image":{"@id":"https:\/\/www.intec-international.com\/#\/schema\/logo\/image\/"}}]}},"_links":{"self":[{"href":"https:\/\/www.intec-international.com\/en\/wp-json\/wp\/v2\/pages\/4541","targetHints":{"allow":["GET"]}}],"collection":[{"href":"https:\/\/www.intec-international.com\/en\/wp-json\/wp\/v2\/pages"}],"about":[{"href":"https:\/\/www.intec-international.com\/en\/wp-json\/wp\/v2\/types\/page"}],"author":[{"embeddable":true,"href":"https:\/\/www.intec-international.com\/en\/wp-json\/wp\/v2\/users\/2"}],"replies":[{"embeddable":true,"href":"https:\/\/www.intec-international.com\/en\/wp-json\/wp\/v2\/comments?post=4541"}],"version-history":[{"count":21,"href":"https:\/\/www.intec-international.com\/en\/wp-json\/wp\/v2\/pages\/4541\/revisions"}],"predecessor-version":[{"id":8412,"href":"https:\/\/www.intec-international.com\/en\/wp-json\/wp\/v2\/pages\/4541\/revisions\/8412"}],"wp:attachment":[{"href":"https:\/\/www.intec-international.com\/en\/wp-json\/wp\/v2\/media?parent=4541"}],"curies":[{"name":"wp","href":"https:\/\/api.w.org\/{rel}","templated":true}]}}