{"id":4506,"date":"2020-05-15T14:46:01","date_gmt":"2020-05-15T12:46:01","guid":{"rendered":"http:\/\/192.168.50.201\/?page_id=4506"},"modified":"2022-11-25T14:53:13","modified_gmt":"2022-11-25T13:53:13","slug":"dust-deposit-detector","status":"publish","type":"page","link":"https:\/\/www.intec-international.com\/en\/dust-deposit-detector\/","title":{"rendered":"D\u00b3 &#8211; Dust Deposit Detector"},"content":{"rendered":"<h1 class=\"wp-block-heading\" style=\"font-size:25px\"><strong>Solutions for photovoltaic systems<\/strong><\/h1>\n\n\n\n<div style=\"height:48px\" aria-hidden=\"true\" class=\"wp-block-spacer\"><\/div>\n\n\n\n<div class=\"wp-block-group\"><div class=\"wp-block-group__inner-container is-layout-flow wp-block-group-is-layout-flow\">\n<div class=\"wp-block-group\"><div class=\"wp-block-group__inner-container is-layout-flow wp-block-group-is-layout-flow\">\n<figure class=\"wp-block-gallery aligncenter has-nested-images columns-default is-cropped wp-block-gallery-1 is-layout-flex wp-block-gallery-is-layout-flex\">\n<figure class=\"wp-block-image size-large\"><img loading=\"lazy\" decoding=\"async\" width=\"445\" height=\"240\" data-id=\"4695\" src=\"https:\/\/www.intec-international.com\/wp-content\/uploads\/2020\/05\/MEPDustSensor1.jpg\" alt=\"\" class=\"wp-image-4695\" srcset=\"https:\/\/www.intec-international.com\/wp-content\/uploads\/2020\/05\/MEPDustSensor1.jpg 445w, https:\/\/www.intec-international.com\/wp-content\/uploads\/2020\/05\/MEPDustSensor1-300x162.jpg 300w\" sizes=\"auto, (max-width: 445px) 100vw, 445px\" \/><\/figure>\n\n\n\n<figure class=\"wp-block-image size-large\"><img loading=\"lazy\" decoding=\"async\" width=\"434\" height=\"242\" data-id=\"4697\" src=\"https:\/\/www.intec-international.com\/wp-content\/uploads\/2020\/05\/MEPDustSensor2-1.jpg\" alt=\"\" class=\"wp-image-4697\" srcset=\"https:\/\/www.intec-international.com\/wp-content\/uploads\/2020\/05\/MEPDustSensor2-1.jpg 434w, https:\/\/www.intec-international.com\/wp-content\/uploads\/2020\/05\/MEPDustSensor2-1-300x167.jpg 300w\" sizes=\"auto, (max-width: 434px) 100vw, 434px\" \/><\/figure>\n<\/figure>\n<\/div><\/div>\n<\/div><\/div>\n\n\n\n<div style=\"height:46px\" aria-hidden=\"true\" class=\"wp-block-spacer\"><\/div>\n\n\n\n<p>The dust and energy sensor solution MEP\u00aeDS is an Industry 4.0-certified product for collecting data from solar systems for monitoring, analysis and prediction of the most important key performance indicators. It can be fully integrated into the MEP suite of IoT products. MEP\u00aeDS detects energy losses due to dust, rain, snow or the failure of individual solar modules \/ photovoltaic elements. The system therefore enables both reactive and predictive error detection in photovoltaic systems.<\/p>\n\n\n\n<div style=\"height:46px\" aria-hidden=\"true\" class=\"wp-block-spacer\"><\/div>\n\n\n\n<div class=\"wp-block-group\"><div class=\"wp-block-group__inner-container is-layout-flow wp-block-group-is-layout-flow\">\n<div class=\"wp-block-group\"><div class=\"wp-block-group__inner-container is-layout-flow wp-block-group-is-layout-flow\"><div class=\"wp-block-image is-style-default\">\n<figure class=\"aligncenter size-large\"><img loading=\"lazy\" decoding=\"async\" width=\"988\" height=\"552\" src=\"http:\/\/www.intec-international.com\/wp-content\/uploads\/2020\/07\/MEPDustSensor3.png\" alt=\"\" class=\"wp-image-6006\" srcset=\"https:\/\/www.intec-international.com\/wp-content\/uploads\/2020\/07\/MEPDustSensor3.png 988w, https:\/\/www.intec-international.com\/wp-content\/uploads\/2020\/07\/MEPDustSensor3-300x168.png 300w, https:\/\/www.intec-international.com\/wp-content\/uploads\/2020\/07\/MEPDustSensor3-768x429.png 768w\" sizes=\"auto, (max-width: 988px) 100vw, 988px\" \/><\/figure><\/div><\/div><\/div>\n<\/div><\/div>\n\n\n\n<div style=\"height:47px\" aria-hidden=\"true\" class=\"wp-block-spacer\"><\/div>\n\n\n\n<p><\/p>","protected":false},"excerpt":{"rendered":"<p>L\u00f6sungen f\u00fcr Photovoltaikanlagen Die Staub- und Energiesensorl\u00f6sung D\u00b3 &#8211; Dust Deposit Detector ist ein Industrie 4.0-zertifiziertes Produkt zur Erfassung von Daten aus Solaranlagen zur \u00dcberwachung, Analyse und Vorhersage der wichtigsten Leistungskennzahlen. Es l\u00e4sst sich vollst\u00e4ndig in die MEP-Suite von IoT-Produkten integrieren. D\u00b3 &#8211; Dust Deposit Detector erkennt Energieverluste aufgrund von [&hellip;]<\/p>","protected":false},"author":2,"featured_media":0,"parent":0,"menu_order":0,"comment_status":"closed","ping_status":"closed","template":"","meta":{"_eb_attr":"","_monsterinsights_skip_tracking":false,"_monsterinsights_sitenote_active":false,"_monsterinsights_sitenote_note":"","_monsterinsights_sitenote_category":0,"footnotes":""},"class_list":["post-4506","page","type-page","status-publish","hentry"],"yoast_head":"<!-- This site is optimized with the Yoast SEO plugin v26.8 - https:\/\/yoast.com\/product\/yoast-seo-wordpress\/ -->\n<title>D\u00b3 - Dust Deposit Detector - Solaranlagen effizient \u00fcberwachen<\/title>\n<meta name=\"description\" content=\"Mit dem D\u00b3 - Dust Deposit Detector k\u00f6nnen Sie Solaranlagen und -Felder schnell und einfach \u00fcberwachen. Verschmutzung &amp; Defekt unterscheiden\" \/>\n<meta name=\"robots\" content=\"index, follow, max-snippet:-1, max-image-preview:large, max-video-preview:-1\" \/>\n<link rel=\"canonical\" href=\"https:\/\/www.intec-international.com\/en\/dust-deposit-detector\/\" \/>\n<meta property=\"og:locale\" content=\"en_GB\" \/>\n<meta property=\"og:type\" content=\"article\" \/>\n<meta property=\"og:title\" content=\"D\u00b3 - Dust Deposit Detector - Solaranlagen effizient \u00fcberwachen\" \/>\n<meta property=\"og:description\" content=\"Mit dem D\u00b3 - Dust Deposit Detector k\u00f6nnen Sie Solaranlagen und -Felder schnell und einfach \u00fcberwachen. Verschmutzung &amp; Defekt unterscheiden\" \/>\n<meta property=\"og:url\" content=\"https:\/\/www.intec-international.com\/en\/dust-deposit-detector\/\" \/>\n<meta property=\"og:site_name\" content=\"INTEC International GmbH\" \/>\n<meta property=\"article:modified_time\" content=\"2022-11-25T13:53:13+00:00\" \/>\n<meta property=\"og:image\" content=\"https:\/\/www.intec-international.com\/wp-content\/uploads\/2020\/05\/MEPDustSensor1.jpg\" \/>\n<meta name=\"twitter:card\" content=\"summary_large_image\" \/>\n<meta name=\"twitter:label1\" content=\"Estimated reading time\" \/>\n\t<meta name=\"twitter:data1\" content=\"1 minute\" \/>\n<!-- \/ Yoast SEO plugin. -->","yoast_head_json":{"title":"D\u00b3 - Dust Deposit Detector - Solaranlagen effizient \u00fcberwachen","description":"Mit dem D\u00b3 - Dust Deposit Detector k\u00f6nnen Sie Solaranlagen und -Felder schnell und einfach \u00fcberwachen. Verschmutzung & Defekt unterscheiden","robots":{"index":"index","follow":"follow","max-snippet":"max-snippet:-1","max-image-preview":"max-image-preview:large","max-video-preview":"max-video-preview:-1"},"canonical":"https:\/\/www.intec-international.com\/en\/dust-deposit-detector\/","og_locale":"en_GB","og_type":"article","og_title":"D\u00b3 - Dust Deposit Detector - Solaranlagen effizient \u00fcberwachen","og_description":"Mit dem D\u00b3 - Dust Deposit Detector k\u00f6nnen Sie Solaranlagen und -Felder schnell und einfach \u00fcberwachen. Verschmutzung & Defekt unterscheiden","og_url":"https:\/\/www.intec-international.com\/en\/dust-deposit-detector\/","og_site_name":"INTEC International GmbH","article_modified_time":"2022-11-25T13:53:13+00:00","og_image":[{"url":"https:\/\/www.intec-international.com\/wp-content\/uploads\/2020\/05\/MEPDustSensor1.jpg","type":"","width":"","height":""}],"twitter_card":"summary_large_image","twitter_misc":{"Estimated reading time":"1 minute"},"schema":{"@context":"https:\/\/schema.org","@graph":[{"@type":"WebPage","@id":"https:\/\/www.intec-international.com\/dust-deposit-detector\/","url":"https:\/\/www.intec-international.com\/dust-deposit-detector\/","name":"D\u00b3 - Dust Deposit Detector - Solaranlagen effizient \u00fcberwachen","isPartOf":{"@id":"https:\/\/www.intec-international.com\/#website"},"primaryImageOfPage":{"@id":"https:\/\/www.intec-international.com\/dust-deposit-detector\/#primaryimage"},"image":{"@id":"https:\/\/www.intec-international.com\/dust-deposit-detector\/#primaryimage"},"thumbnailUrl":"https:\/\/www.intec-international.com\/wp-content\/uploads\/2020\/05\/MEPDustSensor1.jpg","datePublished":"2020-05-15T12:46:01+00:00","dateModified":"2022-11-25T13:53:13+00:00","description":"Mit dem D\u00b3 - Dust Deposit Detector k\u00f6nnen Sie Solaranlagen und -Felder schnell und einfach \u00fcberwachen. Verschmutzung & Defekt unterscheiden","breadcrumb":{"@id":"https:\/\/www.intec-international.com\/dust-deposit-detector\/#breadcrumb"},"inLanguage":"en-GB","potentialAction":[{"@type":"ReadAction","target":["https:\/\/www.intec-international.com\/dust-deposit-detector\/"]}]},{"@type":"ImageObject","inLanguage":"en-GB","@id":"https:\/\/www.intec-international.com\/dust-deposit-detector\/#primaryimage","url":"https:\/\/www.intec-international.com\/wp-content\/uploads\/2020\/05\/MEPDustSensor1.jpg","contentUrl":"https:\/\/www.intec-international.com\/wp-content\/uploads\/2020\/05\/MEPDustSensor1.jpg"},{"@type":"BreadcrumbList","@id":"https:\/\/www.intec-international.com\/dust-deposit-detector\/#breadcrumb","itemListElement":[{"@type":"ListItem","position":1,"name":"Startseite","item":"https:\/\/www.intec-international.com\/"},{"@type":"ListItem","position":2,"name":"D\u00b3 &#8211; Dust Deposit Detector"}]},{"@type":"WebSite","@id":"https:\/\/www.intec-international.com\/#website","url":"https:\/\/www.intec-international.com\/","name":"INTEC International GmbH","description":"MDE &amp; Remote Service - Digitalisierung der Produktion - INTEC","publisher":{"@id":"https:\/\/www.intec-international.com\/#organization"},"potentialAction":[{"@type":"SearchAction","target":{"@type":"EntryPoint","urlTemplate":"https:\/\/www.intec-international.com\/?s={search_term_string}"},"query-input":{"@type":"PropertyValueSpecification","valueRequired":true,"valueName":"search_term_string"}}],"inLanguage":"en-GB"},{"@type":"Organization","@id":"https:\/\/www.intec-international.com\/#organization","name":"INTEC International GmbH","url":"https:\/\/www.intec-international.com\/","logo":{"@type":"ImageObject","inLanguage":"en-GB","@id":"https:\/\/www.intec-international.com\/#\/schema\/logo\/image\/","url":"https:\/\/www.intec-international.com\/wp-content\/uploads\/2020\/10\/cropped-INTEC-ohne-Hintergrund.gif","contentUrl":"https:\/\/www.intec-international.com\/wp-content\/uploads\/2020\/10\/cropped-INTEC-ohne-Hintergrund.gif","width":574,"height":369,"caption":"INTEC International GmbH"},"image":{"@id":"https:\/\/www.intec-international.com\/#\/schema\/logo\/image\/"}}]}},"_links":{"self":[{"href":"https:\/\/www.intec-international.com\/en\/wp-json\/wp\/v2\/pages\/4506","targetHints":{"allow":["GET"]}}],"collection":[{"href":"https:\/\/www.intec-international.com\/en\/wp-json\/wp\/v2\/pages"}],"about":[{"href":"https:\/\/www.intec-international.com\/en\/wp-json\/wp\/v2\/types\/page"}],"author":[{"embeddable":true,"href":"https:\/\/www.intec-international.com\/en\/wp-json\/wp\/v2\/users\/2"}],"replies":[{"embeddable":true,"href":"https:\/\/www.intec-international.com\/en\/wp-json\/wp\/v2\/comments?post=4506"}],"version-history":[{"count":23,"href":"https:\/\/www.intec-international.com\/en\/wp-json\/wp\/v2\/pages\/4506\/revisions"}],"predecessor-version":[{"id":8106,"href":"https:\/\/www.intec-international.com\/en\/wp-json\/wp\/v2\/pages\/4506\/revisions\/8106"}],"wp:attachment":[{"href":"https:\/\/www.intec-international.com\/en\/wp-json\/wp\/v2\/media?parent=4506"}],"curies":[{"name":"wp","href":"https:\/\/api.w.org\/{rel}","templated":true}]}}